{"id":829,"date":"2024-03-25T01:42:54","date_gmt":"2024-03-24T23:42:54","guid":{"rendered":"https:\/\/paberimaagia.eu\/?post_type=product&#038;p=829"},"modified":"2024-05-03T03:46:02","modified_gmt":"2024-05-03T01:46:02","slug":"kaheotsaline-groovi-palltooriist-08-mm-13-mm","status":"publish","type":"product","link":"https:\/\/paberimaagia.eu\/en\/product\/kaheotsaline-groovi-palltooriist-08-mm-13-mm\/","title":{"rendered":"Groovi Embossing Tool 0.8 mm - 1.3 mm"},"content":{"rendered":"<div class=\"wrapper product-long-description-wrap\">\n<p>Pallt\u00f6\u00f6riist, mille \u00fches otsas on kuulike l\u00e4bim\u00f5\u00f5duga 1,3 mm ja teine ots on l\u00e4bim\u00f5\u00f5duga 0,8 mm.<\/p>\n<p>Sobib ideaalselt mustriplaatidelt p\u00e4rgamendile mustri kandmiseks. Teravam ots j\u00e4tab tugevama joone, palliga ots pehmema joone.<\/p>\n<p>Suurema l\u00e4bim\u00f5\u00f5duga otsa kasutatakse nt selliste alade &#8220;joonistamiseks&#8221;, mida hiljem soovitakse reljeeft\u00f6\u00f6riistaga seest valgeks teha.<\/p>\n<p>T\u00f6\u00f6riista saab kasutada ka kartongi soonimiseks.<\/p>\n<p>Sisaldub Deluxe ja Groovi Go! alustuskomplektides.<\/p>\n<\/div>","protected":false},"excerpt":{"rendered":"<p>Pallt\u00f6\u00f6riist, mille \u00fches otsas on kuulike l\u00e4bim\u00f5\u00f5duga 1,3 mm ja teine ots on l\u00e4bim\u00f5\u00f5duga 0,8 mm. Sobib ideaalselt mustriplaatidelt p\u00e4rgamendile mustri kandmiseks. Teravam ots j\u00e4tab tugevama joone, palliga ots pehmema joone. Suurema l\u00e4bim\u00f5\u00f5duga otsa kasutatakse nt selliste alade &#8220;joonistamiseks&#8221;, mida hiljem soovitakse reljeeft\u00f6\u00f6riistaga seest valgeks teha. T\u00f6\u00f6riista saab kasutada ka kartongi soonimiseks. Sisaldub Deluxe ja [&hellip;]<\/p>","protected":false},"featured_media":832,"comment_status":"open","ping_status":"closed","template":"","meta":[],"product_brand":[],"product_cat":[17,31,30],"product_tag":[],"class_list":{"0":"post-829","1":"product","2":"type-product","3":"status-publish","4":"has-post-thumbnail","6":"product_cat-e-pood","7":"product_cat-reljeeftooriistad","8":"product_cat-tooriistad","10":"first","11":"instock","12":"taxable","13":"shipping-taxable","14":"purchasable","15":"product-type-simple"},"_links":{"self":[{"href":"https:\/\/paberimaagia.eu\/en\/wp-json\/wp\/v2\/product\/829","targetHints":{"allow":["GET"]}}],"collection":[{"href":"https:\/\/paberimaagia.eu\/en\/wp-json\/wp\/v2\/product"}],"about":[{"href":"https:\/\/paberimaagia.eu\/en\/wp-json\/wp\/v2\/types\/product"}],"replies":[{"embeddable":true,"href":"https:\/\/paberimaagia.eu\/en\/wp-json\/wp\/v2\/comments?post=829"}],"version-history":[{"count":3,"href":"https:\/\/paberimaagia.eu\/en\/wp-json\/wp\/v2\/product\/829\/revisions"}],"predecessor-version":[{"id":833,"href":"https:\/\/paberimaagia.eu\/en\/wp-json\/wp\/v2\/product\/829\/revisions\/833"}],"wp:featuredmedia":[{"embeddable":true,"href":"https:\/\/paberimaagia.eu\/en\/wp-json\/wp\/v2\/media\/832"}],"wp:attachment":[{"href":"https:\/\/paberimaagia.eu\/en\/wp-json\/wp\/v2\/media?parent=829"}],"wp:term":[{"taxonomy":"product_brand","embeddable":true,"href":"https:\/\/paberimaagia.eu\/en\/wp-json\/wp\/v2\/product_brand?post=829"},{"taxonomy":"product_cat","embeddable":true,"href":"https:\/\/paberimaagia.eu\/en\/wp-json\/wp\/v2\/product_cat?post=829"},{"taxonomy":"product_tag","embeddable":true,"href":"https:\/\/paberimaagia.eu\/en\/wp-json\/wp\/v2\/product_tag?post=829"}],"curies":[{"name":"wp","href":"https:\/\/api.w.org\/{rel}","templated":true}]}}