{"id":822,"date":"2024-03-25T01:14:52","date_gmt":"2024-03-24T23:14:52","guid":{"rendered":"https:\/\/paberimaagia.eu\/?post_type=product&#038;p=822"},"modified":"2024-03-31T20:06:56","modified_gmt":"2024-03-31T18:06:56","slug":"kaarditoorik-valge-15-x-15-cm-20-tk","status":"publish","type":"product","link":"https:\/\/paberimaagia.eu\/en\/product\/kaarditoorik-valge-15-x-15-cm-20-tk\/","title":{"rendered":"Card Blank White 15 x 15 cm : 20 pcs"},"content":{"rendered":"<div class=\"wrapper product-long-description-wrap\">\n<p>Eelsoonitud kaarditoorikud valgest 300 g\/m\u00b2 v\u00e4ga kvaliteetsest paberist.<\/p>\n<p>Vajalik ise kokku murda.<\/p>\n<h4>M\u00f5\u00f5dud:<\/h4>\n<p>Kokkumurtult 6&#8243; x 6&#8243; ehk umbes 151 x 151 mm.<\/p>\n<p>\u00dches pakis 20 tk.<\/p>\n<p>Sobib erinevate tehnikate kasutamiseks, nt Fresh Cut Dies l\u00f5iketeradega l\u00f5ikamiseks, tembeldamiseks, p\u00e4rgamendikaartide jaoks jne.<\/p>\n<\/div>","protected":false},"excerpt":{"rendered":"<p>Valge sile kaarditoorik 15 x 15 cm : 20 tk<\/p>","protected":false},"featured_media":825,"comment_status":"open","ping_status":"closed","template":"","meta":[],"product_brand":[],"product_cat":[17,35,34],"product_tag":[],"class_list":{"0":"post-822","1":"product","2":"type-product","3":"status-publish","4":"has-post-thumbnail","6":"product_cat-e-pood","7":"product_cat-kaarditoorikud-ja-umbrikud","8":"product_cat-paberitooted","10":"first","11":"instock","12":"taxable","13":"shipping-taxable","14":"purchasable","15":"product-type-simple"},"_links":{"self":[{"href":"https:\/\/paberimaagia.eu\/en\/wp-json\/wp\/v2\/product\/822","targetHints":{"allow":["GET"]}}],"collection":[{"href":"https:\/\/paberimaagia.eu\/en\/wp-json\/wp\/v2\/product"}],"about":[{"href":"https:\/\/paberimaagia.eu\/en\/wp-json\/wp\/v2\/types\/product"}],"replies":[{"embeddable":true,"href":"https:\/\/paberimaagia.eu\/en\/wp-json\/wp\/v2\/comments?post=822"}],"version-history":[{"count":4,"href":"https:\/\/paberimaagia.eu\/en\/wp-json\/wp\/v2\/product\/822\/revisions"}],"predecessor-version":[{"id":827,"href":"https:\/\/paberimaagia.eu\/en\/wp-json\/wp\/v2\/product\/822\/revisions\/827"}],"wp:featuredmedia":[{"embeddable":true,"href":"https:\/\/paberimaagia.eu\/en\/wp-json\/wp\/v2\/media\/825"}],"wp:attachment":[{"href":"https:\/\/paberimaagia.eu\/en\/wp-json\/wp\/v2\/media?parent=822"}],"wp:term":[{"taxonomy":"product_brand","embeddable":true,"href":"https:\/\/paberimaagia.eu\/en\/wp-json\/wp\/v2\/product_brand?post=822"},{"taxonomy":"product_cat","embeddable":true,"href":"https:\/\/paberimaagia.eu\/en\/wp-json\/wp\/v2\/product_cat?post=822"},{"taxonomy":"product_tag","embeddable":true,"href":"https:\/\/paberimaagia.eu\/en\/wp-json\/wp\/v2\/product_tag?post=822"}],"curies":[{"name":"wp","href":"https:\/\/api.w.org\/{rel}","templated":true}]}}