{"id":56,"date":"2024-02-06T10:49:00","date_gmt":"2024-02-06T08:49:00","guid":{"rendered":"https:\/\/paberimaagia.eu\/?post_type=product&#038;p=56"},"modified":"2024-04-13T11:37:51","modified_gmt":"2024-04-13T09:37:51","slug":"kaheosaline-pargamendi-perforeerimis-ja-mustriplaat-kuningas-charles-a5-ruut","status":"publish","type":"product","link":"https:\/\/paberimaagia.eu\/en\/product\/kaheosaline-pargamendi-perforeerimis-ja-mustriplaat-kuningas-charles-a5-ruut\/","title":{"rendered":"King Charles Lace Duet : A5 Square Groovi Piercing Grid (Straight)"},"content":{"rendered":"<p>This high quality 148 mm x 148 mm acrylic Groovi grid is meant for combining at least two different techniques on parchment paper.<\/p>\n<p>You can pierce and create an intricate matrix of dots for backgrounds or to fill selected areas of your design or to cut the lace into parchment.<\/p>\n<p>You will receive the clear instructions with illustrative photos for using this Groovi grid and cutting the pattern.<\/p>","protected":false},"excerpt":{"rendered":"<p>148 mm x 148 mm Groovi perforeerimis- ja mustriplaat Kvaliteetsest akr\u00fc\u00fclist kaheosaline mustriplaat, kus \u00fcks osa on m\u00f5eldud mustri pealekandmiseks pallt\u00f6\u00f6riistaga. Teine osa on m\u00f5eldud mustri perforeerimiseks. Kahe tehnika kombineerimisel on v\u00f5imalik luua pitsmustreid. Veelgi pitsilisema tulemuse saab l\u00f5ikamistehnikaid juurde kasutades. Sisaldab mustriplaadi kasutamise ja mustri l\u00f5ikamise juhiseid (inglise keeles koos n\u00e4itlike fotodega).<\/p>","protected":false},"featured_media":58,"comment_status":"open","ping_status":"closed","template":"","meta":[],"product_brand":[],"product_cat":[23,17,19,28],"product_tag":[],"class_list":{"0":"post-56","1":"product","2":"type-product","3":"status-publish","4":"has-post-thumbnail","6":"product_cat-a5-ruut","7":"product_cat-e-pood","8":"product_cat-mustriplaadid","9":"product_cat-perforeerimisplaadid","11":"first","12":"instock","13":"taxable","14":"shipping-taxable","15":"purchasable","16":"product-type-simple"},"_links":{"self":[{"href":"https:\/\/paberimaagia.eu\/en\/wp-json\/wp\/v2\/product\/56","targetHints":{"allow":["GET"]}}],"collection":[{"href":"https:\/\/paberimaagia.eu\/en\/wp-json\/wp\/v2\/product"}],"about":[{"href":"https:\/\/paberimaagia.eu\/en\/wp-json\/wp\/v2\/types\/product"}],"replies":[{"embeddable":true,"href":"https:\/\/paberimaagia.eu\/en\/wp-json\/wp\/v2\/comments?post=56"}],"version-history":[{"count":5,"href":"https:\/\/paberimaagia.eu\/en\/wp-json\/wp\/v2\/product\/56\/revisions"}],"predecessor-version":[{"id":561,"href":"https:\/\/paberimaagia.eu\/en\/wp-json\/wp\/v2\/product\/56\/revisions\/561"}],"wp:featuredmedia":[{"embeddable":true,"href":"https:\/\/paberimaagia.eu\/en\/wp-json\/wp\/v2\/media\/58"}],"wp:attachment":[{"href":"https:\/\/paberimaagia.eu\/en\/wp-json\/wp\/v2\/media?parent=56"}],"wp:term":[{"taxonomy":"product_brand","embeddable":true,"href":"https:\/\/paberimaagia.eu\/en\/wp-json\/wp\/v2\/product_brand?post=56"},{"taxonomy":"product_cat","embeddable":true,"href":"https:\/\/paberimaagia.eu\/en\/wp-json\/wp\/v2\/product_cat?post=56"},{"taxonomy":"product_tag","embeddable":true,"href":"https:\/\/paberimaagia.eu\/en\/wp-json\/wp\/v2\/product_tag?post=56"}],"curies":[{"name":"wp","href":"https:\/\/api.w.org\/{rel}","templated":true}]}}