{"id":553,"date":"2024-03-14T11:54:02","date_gmt":"2024-03-14T09:54:02","guid":{"rendered":"https:\/\/paberimaagia.eu\/?post_type=product&#038;p=553"},"modified":"2024-03-25T12:14:00","modified_gmt":"2024-03-25T10:14:00","slug":"pargamenditehnikate-tootuba-1-5-h","status":"publish","type":"product","link":"https:\/\/paberimaagia.eu\/en\/product\/pargamenditehnikate-tootuba-1-5-h\/","title":{"rendered":"P\u00e4rgamenditehnikate t\u00f6\u00f6tuba 1,5 h"},"content":{"rendered":"<p>Selles t\u00f6\u00f6toas saad sa endale v\u00f5i kingituseks teha \u00fche p\u00e4rgamenditehnikates v\u00e4ikese kaardi v\u00f5i pildi. Kujunduse ja stiili valid ise v\u00f5i soovi korral kasutad n\u00e4idiskaardi disaini.<\/p>\n<p>Joonistusoskust vaja pole, sest olemas on mustriplaadid. Mustrid on akr\u00fc\u00fclplaatide sees soonena ning m\u00f6\u00f6da seda soont suudab t\u00f5mmata pliiatsitaolise t\u00f6\u00f6riistaga v\u00e4ga h\u00e4sti ka eelkooliealine laps.<\/p>\n<p>Selle 1,5 tunni jooksul kasutad sa joonetehnikat, valget\u00f6\u00f6d ja v\u00e4rvimist ning kuuled erinevatest p\u00e4rgamendi kinnitamise viisidest. Lisaks saavad selgeks p\u00e4rgamendit\u00f6\u00f6 p\u00f5hit\u00f5ed.<\/p>\n<p>K\u00f5ik vajalikud vahendid on kohapeal olemas, kaasa on vaja v\u00f5tta prillid (kui sa neid heaks n\u00e4gemiseks vajad) ning pealehakkamine.<\/p>\n<p>T\u00f6\u00f6tuba toimub, kui osaleb v\u00e4hemalt 6 inimest. Maksimaalselt saab osaleda 10 inimest.<\/p>","protected":false},"excerpt":{"rendered":"<p>P\u00e4rgamenditehnikate algt\u00f5ed saavad l\u00e4bi r\u00e4\u00e4gitud ja l\u00e4bi proovitud 1,5 tunni jooksul. Valmib \u00fcks t\u00e4itsa teistmoodi kaart, mille puhul alguses paljud kahtlevad, et kas ma ikka saan hakkama. Tegelikult saad k\u00fcll. Ka lapsed saavad, sest k\u00f5ige esimesed tehnikad on v\u00e4ga lihtsad, kui sind juhendatakse ja sa tead, kuidas midagi teha.<\/p>","protected":false},"featured_media":557,"comment_status":"open","ping_status":"closed","template":"","meta":[],"product_brand":[],"product_cat":[78],"product_tag":[],"class_list":{"0":"post-553","1":"product","2":"type-product","3":"status-publish","4":"has-post-thumbnail","6":"product_cat-tootoad-ja-kinkekaardid","8":"first","9":"instock","10":"taxable","11":"shipping-taxable","12":"purchasable","13":"product-type-simple"},"_links":{"self":[{"href":"https:\/\/paberimaagia.eu\/en\/wp-json\/wp\/v2\/product\/553","targetHints":{"allow":["GET"]}}],"collection":[{"href":"https:\/\/paberimaagia.eu\/en\/wp-json\/wp\/v2\/product"}],"about":[{"href":"https:\/\/paberimaagia.eu\/en\/wp-json\/wp\/v2\/types\/product"}],"replies":[{"embeddable":true,"href":"https:\/\/paberimaagia.eu\/en\/wp-json\/wp\/v2\/comments?post=553"}],"version-history":[{"count":3,"href":"https:\/\/paberimaagia.eu\/en\/wp-json\/wp\/v2\/product\/553\/revisions"}],"predecessor-version":[{"id":838,"href":"https:\/\/paberimaagia.eu\/en\/wp-json\/wp\/v2\/product\/553\/revisions\/838"}],"wp:featuredmedia":[{"embeddable":true,"href":"https:\/\/paberimaagia.eu\/en\/wp-json\/wp\/v2\/media\/557"}],"wp:attachment":[{"href":"https:\/\/paberimaagia.eu\/en\/wp-json\/wp\/v2\/media?parent=553"}],"wp:term":[{"taxonomy":"product_brand","embeddable":true,"href":"https:\/\/paberimaagia.eu\/en\/wp-json\/wp\/v2\/product_brand?post=553"},{"taxonomy":"product_cat","embeddable":true,"href":"https:\/\/paberimaagia.eu\/en\/wp-json\/wp\/v2\/product_cat?post=553"},{"taxonomy":"product_tag","embeddable":true,"href":"https:\/\/paberimaagia.eu\/en\/wp-json\/wp\/v2\/product_tag?post=553"}],"curies":[{"name":"wp","href":"https:\/\/api.w.org\/{rel}","templated":true}]}}