{"id":53,"date":"2024-02-06T10:22:14","date_gmt":"2024-02-06T08:22:14","guid":{"rendered":"https:\/\/paberimaagia.eu\/?post_type=product&#038;p=53"},"modified":"2024-04-02T16:28:56","modified_gmt":"2024-04-02T14:28:56","slug":"pargamendimustriplaadi-hoidja-tahestikuga-a5-ruut-plaatidele","status":"publish","type":"product","link":"https:\/\/paberimaagia.eu\/en\/product\/pargamendimustriplaadi-hoidja-tahestikuga-a5-ruut-plaatidele\/","title":{"rendered":"Alphabet A5 Square Groovi Plate Mate"},"content":{"rendered":"<table>\n<tbody>\n<tr>\n<td>Lihtsustab p\u00e4rgamentpaberi kinnitamist teibiga mustri pealekandmise ajaks.<\/p>\n<p>Mustriplaadi hoidjasse sobivad plaadid\u00a0 suurusega 148 x 148 mm.<\/p>\n<p>Valmistatud kvaliteetsest akr\u00fc\u00fclist.<\/p>\n<p>T\u00e4htede k\u00f5rgus umbes 11,5 mm.<\/p>\n<p>V\u00e4limised m\u00f5\u00f5dud: 210mm x 297mm<\/p>\n<p>Kasutusjuhis:<br \/>\nP\u00e4rgamendimustriplaat sisestatakse hoidjasse, vajadusel v\u00f5ib need omavahel teibiga kinnitada.<\/p>\n<p>Mustriplaadi hoidja k\u00fclge on hea kinnitada p\u00e4rgamentpaberit ning sellisel moel saab vahepeal kontrollida, kuidas on t\u00f6\u00f6 edenenud ja kas midagi pole vahele j\u00e4\u00e4nud.<\/p>\n<p>A6 ja A6 ruut m\u00f5\u00f5dus plaatide jaoks kasutada kas sobitusplaate v\u00f5i vaheraami.<\/td>\n<\/tr>\n<\/tbody>\n<\/table>","protected":false},"excerpt":{"rendered":"<p>Mustriplaadi hoidja, mis on m\u00f5eldud A5 ruut m\u00f5\u00f5dus (148 x 148 mm) plaatide paigal hoidmiseks.<\/p>","protected":false},"featured_media":54,"comment_status":"open","ping_status":"closed","template":"","meta":[],"product_brand":[],"product_cat":[25,17,29,19],"product_tag":[],"class_list":{"0":"post-53","1":"product","2":"type-product","3":"status-publish","4":"has-post-thumbnail","6":"product_cat-a4","7":"product_cat-e-pood","8":"product_cat-mustriplaadi-hoidjad","9":"product_cat-mustriplaadid","11":"first","12":"instock","13":"taxable","14":"shipping-taxable","15":"purchasable","16":"product-type-simple"},"_links":{"self":[{"href":"https:\/\/paberimaagia.eu\/en\/wp-json\/wp\/v2\/product\/53","targetHints":{"allow":["GET"]}}],"collection":[{"href":"https:\/\/paberimaagia.eu\/en\/wp-json\/wp\/v2\/product"}],"about":[{"href":"https:\/\/paberimaagia.eu\/en\/wp-json\/wp\/v2\/types\/product"}],"replies":[{"embeddable":true,"href":"https:\/\/paberimaagia.eu\/en\/wp-json\/wp\/v2\/comments?post=53"}],"version-history":[{"count":2,"href":"https:\/\/paberimaagia.eu\/en\/wp-json\/wp\/v2\/product\/53\/revisions"}],"predecessor-version":[{"id":175,"href":"https:\/\/paberimaagia.eu\/en\/wp-json\/wp\/v2\/product\/53\/revisions\/175"}],"wp:featuredmedia":[{"embeddable":true,"href":"https:\/\/paberimaagia.eu\/en\/wp-json\/wp\/v2\/media\/54"}],"wp:attachment":[{"href":"https:\/\/paberimaagia.eu\/en\/wp-json\/wp\/v2\/media?parent=53"}],"wp:term":[{"taxonomy":"product_brand","embeddable":true,"href":"https:\/\/paberimaagia.eu\/en\/wp-json\/wp\/v2\/product_brand?post=53"},{"taxonomy":"product_cat","embeddable":true,"href":"https:\/\/paberimaagia.eu\/en\/wp-json\/wp\/v2\/product_cat?post=53"},{"taxonomy":"product_tag","embeddable":true,"href":"https:\/\/paberimaagia.eu\/en\/wp-json\/wp\/v2\/product_tag?post=53"}],"curies":[{"name":"wp","href":"https:\/\/api.w.org\/{rel}","templated":true}]}}