{"id":51,"date":"2024-02-06T10:07:15","date_gmt":"2024-02-06T08:07:15","guid":{"rendered":"https:\/\/paberimaagia.eu\/?post_type=product&#038;p=51"},"modified":"2024-03-25T02:25:33","modified_gmt":"2024-03-25T00:25:33","slug":"paberineedid-hobe-3-mm","status":"publish","type":"product","link":"https:\/\/paberimaagia.eu\/en\/product\/paberineedid-hobe-3-mm\/","title":{"rendered":"Silver Pergamano Brads : 3 mm : 40 pcs"},"content":{"rendered":"<table>\n<tbody>\n<tr>\n<td>Needi pea l\u00e4bim\u00f5\u00f5t on 3 mm ja needi &#8220;jalgade&#8221; pikkus 8 mm<\/p>\n<p>Pakendis 40 tk<\/p>\n<p>Kasutatakse nii p\u00e4rgamendi kui muude paberite kinnitamiseks aluspaberi k\u00fclge.<\/p>\n<p>Kasutusjuhis:<br \/>\nTee samaaegselt v\u00e4ike auk nii pealmisesse kui aluspaberisse, mille k\u00fclge pealmise paberi kinnitad (nt \u00fchen\u00f5elalise perforeerimist\u00f6\u00f6riistaga). Pane neet august l\u00e4bi ning l\u00fckka needi &#8220;jalad&#8221; kahele poole lahti. Vajadusel toeta oma t\u00f6\u00f6 k\u00f5vale pinnale ja vajuta needi pea peale, et kinnitus j\u00e4\u00e4ks tugevam.<\/td>\n<\/tr>\n<\/tbody>\n<\/table>","protected":false},"excerpt":{"rendered":"<p>Vahendid pealispaberi (p\u00e4rgamentpaberi) kinnitamiseks aluspaberi k\u00fclge.<\/p>","protected":false},"featured_media":52,"comment_status":"open","ping_status":"closed","template":"","meta":[],"product_brand":[],"product_cat":[17,39,40],"product_tag":[],"class_list":{"0":"post-51","1":"product","2":"type-product","3":"status-publish","4":"has-post-thumbnail","6":"product_cat-e-pood","7":"product_cat-muud-vahendid","8":"product_cat-paberineedid","10":"first","11":"instock","12":"taxable","13":"shipping-taxable","14":"purchasable","15":"product-type-simple"},"_links":{"self":[{"href":"https:\/\/paberimaagia.eu\/en\/wp-json\/wp\/v2\/product\/51","targetHints":{"allow":["GET"]}}],"collection":[{"href":"https:\/\/paberimaagia.eu\/en\/wp-json\/wp\/v2\/product"}],"about":[{"href":"https:\/\/paberimaagia.eu\/en\/wp-json\/wp\/v2\/types\/product"}],"replies":[{"embeddable":true,"href":"https:\/\/paberimaagia.eu\/en\/wp-json\/wp\/v2\/comments?post=51"}],"version-history":[{"count":1,"href":"https:\/\/paberimaagia.eu\/en\/wp-json\/wp\/v2\/product\/51\/revisions"}],"predecessor-version":[{"id":65,"href":"https:\/\/paberimaagia.eu\/en\/wp-json\/wp\/v2\/product\/51\/revisions\/65"}],"wp:featuredmedia":[{"embeddable":true,"href":"https:\/\/paberimaagia.eu\/en\/wp-json\/wp\/v2\/media\/52"}],"wp:attachment":[{"href":"https:\/\/paberimaagia.eu\/en\/wp-json\/wp\/v2\/media?parent=51"}],"wp:term":[{"taxonomy":"product_brand","embeddable":true,"href":"https:\/\/paberimaagia.eu\/en\/wp-json\/wp\/v2\/product_brand?post=51"},{"taxonomy":"product_cat","embeddable":true,"href":"https:\/\/paberimaagia.eu\/en\/wp-json\/wp\/v2\/product_cat?post=51"},{"taxonomy":"product_tag","embeddable":true,"href":"https:\/\/paberimaagia.eu\/en\/wp-json\/wp\/v2\/product_tag?post=51"}],"curies":[{"name":"wp","href":"https:\/\/api.w.org\/{rel}","templated":true}]}}