{"id":48,"date":"2024-02-06T09:54:46","date_gmt":"2024-02-06T07:54:46","guid":{"rendered":"https:\/\/paberimaagia.eu\/?post_type=product&#038;p=48"},"modified":"2024-04-03T21:42:10","modified_gmt":"2024-04-03T19:42:10","slug":"naturaalne-pargamentpaber-a5","status":"publish","type":"product","link":"https:\/\/paberimaagia.eu\/en\/product\/naturaalne-pargamentpaber-a5\/","title":{"rendered":"Groovi A5 Clear Parchment Paper : 20 Sheets"},"content":{"rendered":"<p>Paberi m\u00f5\u00f5dud on 148mm x 210mm<\/p>\n<p>V\u00e4rvus: naturaalne valge<\/p>\n<p>20 lehte, 150 g\/m\u00b2<\/p>\n<p>Ideaalne p\u00e4rgamendimustriplaatidega kasutamiseks, on piisavalt tugev ning ei rebene kergelt.<br \/>\nSee p\u00e4rgamentpaber sobib h\u00e4sti ka pitsimustrite tegemiseks.<br \/>\nP\u00e4rgamentpaberit saab soovi korral v\u00e4rvida nii \u00f5lipastellide kui pliiatsitega. Ka akvarellpliiatseid v\u00f5ib kasutada, kuid siis tuleb meeles pidada, et p\u00e4rgament ei talu vett ning liigse vee kasutamisel hakkab kobrutama. Hajutamiseks saab pintsel olla vaid \u00f5rnalt niiske.<\/p>","protected":false},"excerpt":{"rendered":"<p>Kvaliteetne A5 suuruses naturaalse tooniga p\u00e4rgamentpaber.<\/p>","protected":false},"featured_media":49,"comment_status":"open","ping_status":"closed","template":"","meta":[],"product_brand":[],"product_cat":[17,34,36],"product_tag":[],"class_list":{"0":"post-48","1":"product","2":"type-product","3":"status-publish","4":"has-post-thumbnail","6":"product_cat-e-pood","7":"product_cat-paberitooted","8":"product_cat-pargamentpaberid","10":"first","11":"instock","12":"taxable","13":"shipping-taxable","14":"purchasable","15":"product-type-simple"},"_links":{"self":[{"href":"https:\/\/paberimaagia.eu\/en\/wp-json\/wp\/v2\/product\/48","targetHints":{"allow":["GET"]}}],"collection":[{"href":"https:\/\/paberimaagia.eu\/en\/wp-json\/wp\/v2\/product"}],"about":[{"href":"https:\/\/paberimaagia.eu\/en\/wp-json\/wp\/v2\/types\/product"}],"replies":[{"embeddable":true,"href":"https:\/\/paberimaagia.eu\/en\/wp-json\/wp\/v2\/comments?post=48"}],"version-history":[{"count":2,"href":"https:\/\/paberimaagia.eu\/en\/wp-json\/wp\/v2\/product\/48\/revisions"}],"predecessor-version":[{"id":875,"href":"https:\/\/paberimaagia.eu\/en\/wp-json\/wp\/v2\/product\/48\/revisions\/875"}],"wp:featuredmedia":[{"embeddable":true,"href":"https:\/\/paberimaagia.eu\/en\/wp-json\/wp\/v2\/media\/49"}],"wp:attachment":[{"href":"https:\/\/paberimaagia.eu\/en\/wp-json\/wp\/v2\/media?parent=48"}],"wp:term":[{"taxonomy":"product_brand","embeddable":true,"href":"https:\/\/paberimaagia.eu\/en\/wp-json\/wp\/v2\/product_brand?post=48"},{"taxonomy":"product_cat","embeddable":true,"href":"https:\/\/paberimaagia.eu\/en\/wp-json\/wp\/v2\/product_cat?post=48"},{"taxonomy":"product_tag","embeddable":true,"href":"https:\/\/paberimaagia.eu\/en\/wp-json\/wp\/v2\/product_tag?post=48"}],"curies":[{"name":"wp","href":"https:\/\/api.w.org\/{rel}","templated":true}]}}