{"id":32,"date":"2024-01-20T11:42:19","date_gmt":"2024-01-20T09:42:19","guid":{"rendered":"https:\/\/paberimaagia.eu\/?post_type=product&#038;p=32"},"modified":"2024-04-13T11:37:51","modified_gmt":"2024-04-13T09:37:51","slug":"alustuskomplekt-deluxe","status":"publish","type":"product","link":"https:\/\/paberimaagia.eu\/en\/product\/alustuskomplekt-deluxe\/","title":{"rendered":"Deluxe Groovi Starter Kit"},"content":{"rendered":"<p>Deluxe alustuskomplektis sisaldub k\u00f5ik vajalik esimesteks sammudeks p\u00e4rgamentipaberi tehnikate maailmas. V\u00f5rreldes Goovi Go alustuskomplektiga, v\u00f5imaldab Deluxe alustuskomplekt t\u00f6\u00f6tada suuremate mustriplaatidega.<\/p>\n<p>Komplekt sisaldab j\u00e4rgmisi komponente:<\/p>\n<p>&#8211; Kahepoolne musta v\u00e4rvi alusmatt, kus \u00fcks pool on pehme (kasutatakse valget\u00f6\u00f6 tegemiseks) ning teine pool k\u00f5va (kasutatakse joonet\u00f6\u00f6, v\u00e4rvimise, glitteri jm jaoks) 220 x 300 mm<\/p>\n<p>&#8211; Mustriplaadi hoidja A5 ruut plaatide jaoks. A5 plaate selle mustriplaadi hoidjaga kasutada ei saa. Koos sobitusplaatidega saab kasutada A6 ja A6 ruut mustriplaate.<\/p>\n<p>&#8211; A5 ruut plaadid 3 tk (raamid, maastikud ja puud &#8211; vt fotot)<\/p>\n<p>&#8211; Pallt\u00f6\u00f6riistad Groovi 2 tk, otste suurused 0,8 mm, 1,3 mm, 2 mm ja 2,8 mm<\/p>\n<p>&#8211; Naturaalne p\u00e4rgamentpaber A5, 20 lehte, 150 g\/m2<\/p>\n<p>&#8211; T\u00f6\u00f6riistade libisemist soodustava ainega immutatud salvr\u00e4tt<\/p>\n<p>&#8211; Voldik kahe n\u00e4idisprojektiga, mida on v\u00f5imalik teha antud komplektis olevate vahenditega (inglise keeles)<\/p>","protected":false},"excerpt":{"rendered":"<p>Komplekt, kus sisaldub k\u00f5ik alustamiseks vajalik alates paberist kuni t\u00f6\u00f6riistadeni v\u00e4lja.<\/p>","protected":false},"featured_media":33,"comment_status":"open","ping_status":"closed","template":"","meta":[],"product_brand":[],"product_cat":[74,18],"product_tag":[],"class_list":{"0":"post-32","1":"product","2":"type-product","3":"status-publish","4":"has-post-thumbnail","6":"product_cat-alustuskomplektid","7":"product_cat-komplektid","9":"first","10":"instock","11":"taxable","12":"shipping-taxable","13":"purchasable","14":"product-type-simple"},"_links":{"self":[{"href":"https:\/\/paberimaagia.eu\/en\/wp-json\/wp\/v2\/product\/32","targetHints":{"allow":["GET"]}}],"collection":[{"href":"https:\/\/paberimaagia.eu\/en\/wp-json\/wp\/v2\/product"}],"about":[{"href":"https:\/\/paberimaagia.eu\/en\/wp-json\/wp\/v2\/types\/product"}],"replies":[{"embeddable":true,"href":"https:\/\/paberimaagia.eu\/en\/wp-json\/wp\/v2\/comments?post=32"}],"version-history":[{"count":2,"href":"https:\/\/paberimaagia.eu\/en\/wp-json\/wp\/v2\/product\/32\/revisions"}],"predecessor-version":[{"id":854,"href":"https:\/\/paberimaagia.eu\/en\/wp-json\/wp\/v2\/product\/32\/revisions\/854"}],"wp:featuredmedia":[{"embeddable":true,"href":"https:\/\/paberimaagia.eu\/en\/wp-json\/wp\/v2\/media\/33"}],"wp:attachment":[{"href":"https:\/\/paberimaagia.eu\/en\/wp-json\/wp\/v2\/media?parent=32"}],"wp:term":[{"taxonomy":"product_brand","embeddable":true,"href":"https:\/\/paberimaagia.eu\/en\/wp-json\/wp\/v2\/product_brand?post=32"},{"taxonomy":"product_cat","embeddable":true,"href":"https:\/\/paberimaagia.eu\/en\/wp-json\/wp\/v2\/product_cat?post=32"},{"taxonomy":"product_tag","embeddable":true,"href":"https:\/\/paberimaagia.eu\/en\/wp-json\/wp\/v2\/product_tag?post=32"}],"curies":[{"name":"wp","href":"https:\/\/api.w.org\/{rel}","templated":true}]}}