{"id":21,"date":"2023-11-17T16:22:44","date_gmt":"2023-11-17T14:22:44","guid":{"rendered":"https:\/\/paberimaagia.eu\/?post_type=product&#038;p=21"},"modified":"2024-04-13T11:37:51","modified_gmt":"2024-04-13T09:37:51","slug":"kosmoslill-ja-pits-a5-ruut-pargamendi-mustriplaat","status":"publish","type":"product","link":"https:\/\/paberimaagia.eu\/en\/product\/kosmoslill-ja-pits-a5-ruut-pargamendi-mustriplaat\/","title":{"rendered":"Cosmos &amp; Lace : A5 Square Groovi Plate"},"content":{"rendered":"<div class=\"wrapper product-long-description-wrap\">\n<div class=\"wrapper product-long-description-wrap\">\n<div class=\"wrapper product-long-description-wrap\">\n<h2><strong>Kvaliteetsest akr\u00fc\u00fclist laseriga l\u00f5igatud mustriplaat p\u00e4rgamentpaberi jaoks<\/strong><\/h2>\n<p>Suurus 148 mm x 148 mm.<\/p>\n<p>Aseta mustriplaat hoidiku sisse ja kinnita p\u00e4rgamentpaber teipidega hoidiku k\u00fclge. T\u00f5mba pallt\u00f6\u00f6riistaga m\u00f6\u00f6da mustrijoont ning p\u00e4rgamentpaberile ilmub valge reljeefne joon.<\/p>\n<p>Parima tulemuse saab pallt\u00f6\u00f6riistaga suuruses 0,8-1,3 mm.<\/p>\n<p>A5 ruut mustriplaadile sobib A5 plaadi\u00fcmbris (Deluxe alustuskomplektis)<\/p>\n<h2><\/h2>\n<\/div>\n<\/div>\n<\/div>","protected":false},"excerpt":{"rendered":"<p>Kvaliteetsest akr\u00fc\u00fclist laseriga l\u00f5igatud mustriplaat p\u00e4rgamentpaberi jaoks<\/p>\n<p>M\u00f5\u00f5dud: 148 mm x 148 mm.<\/p>","protected":false},"featured_media":22,"comment_status":"open","ping_status":"closed","template":"","meta":[],"product_brand":[],"product_cat":[23,17,19],"product_tag":[51,47,50,48,49],"class_list":{"0":"post-21","1":"product","2":"type-product","3":"status-publish","4":"has-post-thumbnail","6":"product_cat-a5-ruut","7":"product_cat-e-pood","8":"product_cat-mustriplaadid","9":"product_tag-kiri","10":"product_tag-kosmoslill","11":"product_tag-lilled","12":"product_tag-pits","13":"product_tag-raamid","15":"first","16":"instock","17":"taxable","18":"shipping-taxable","19":"purchasable","20":"product-type-simple"},"_links":{"self":[{"href":"https:\/\/paberimaagia.eu\/en\/wp-json\/wp\/v2\/product\/21","targetHints":{"allow":["GET"]}}],"collection":[{"href":"https:\/\/paberimaagia.eu\/en\/wp-json\/wp\/v2\/product"}],"about":[{"href":"https:\/\/paberimaagia.eu\/en\/wp-json\/wp\/v2\/types\/product"}],"replies":[{"embeddable":true,"href":"https:\/\/paberimaagia.eu\/en\/wp-json\/wp\/v2\/comments?post=21"}],"version-history":[{"count":2,"href":"https:\/\/paberimaagia.eu\/en\/wp-json\/wp\/v2\/product\/21\/revisions"}],"predecessor-version":[{"id":821,"href":"https:\/\/paberimaagia.eu\/en\/wp-json\/wp\/v2\/product\/21\/revisions\/821"}],"wp:featuredmedia":[{"embeddable":true,"href":"https:\/\/paberimaagia.eu\/en\/wp-json\/wp\/v2\/media\/22"}],"wp:attachment":[{"href":"https:\/\/paberimaagia.eu\/en\/wp-json\/wp\/v2\/media?parent=21"}],"wp:term":[{"taxonomy":"product_brand","embeddable":true,"href":"https:\/\/paberimaagia.eu\/en\/wp-json\/wp\/v2\/product_brand?post=21"},{"taxonomy":"product_cat","embeddable":true,"href":"https:\/\/paberimaagia.eu\/en\/wp-json\/wp\/v2\/product_cat?post=21"},{"taxonomy":"product_tag","embeddable":true,"href":"https:\/\/paberimaagia.eu\/en\/wp-json\/wp\/v2\/product_tag?post=21"}],"curies":[{"name":"wp","href":"https:\/\/api.w.org\/{rel}","templated":true}]}}