{"id":17,"date":"2024-01-20T11:42:31","date_gmt":"2024-01-20T09:42:31","guid":{"rendered":"https:\/\/paberimaagia.eu\/?post_type=product&#038;p=17"},"modified":"2024-03-30T11:35:36","modified_gmt":"2024-03-30T09:35:36","slug":"svammid-hajutamiseks","status":"publish","type":"product","link":"https:\/\/paberimaagia.eu\/en\/product\/svammid-hajutamiseks\/","title":{"rendered":"Spot on Sponges"},"content":{"rendered":"<div class=\"wrapper product-long-description-wrap\">\n<h1>Svamm pol\u00fcuretaanist<\/h1>\n<h2>Sobib:<\/h2>\n<ul>\n<li>hajutamis\u00f5li (Dorso Oil) kasutamiseks<\/li>\n<li>templiv\u00e4rvide segamiseks<\/li>\n<\/ul>\n<p>Valged, kolmnurksed, pakis 16 tk. On v\u00f5imalik osta \u00fchekaupa.<\/p>\n<p>Svamm on vajalik hajutus\u00f5li kasutamisel selleks, et liiga palju \u00f5li ei satuks korraga t\u00f6\u00f6 peale.<\/p>\n<h2>Kasutamine koos hajutus\u00f5liga:<\/h2>\n<p>* V\u00e4rvide hajutamiseks tilguta 1 tilk \u00f5li svammile.<br \/>\n* Seej\u00e4rel v\u00f5ta hajutuspliiats ning vali sobiv otsik.<br \/>\n* Puuduta \u00f5rnalt hajutuspliiatsi otsaga hajutus\u00f5liga kaetud svammi.<br \/>\n* H\u00f5\u00f5ru \u00f5rnalt v\u00e4rvitud pinda vastavalt enda vajadustele sobivate liigutustega (ringjalt, laineliselt, otse jne).<br \/>\n* Kui on liiga palju \u00f5li on sattunud hajutuspliiatsi otsale, siis v\u00f5tab pliiats v\u00e4rvi maha. Sellisel juhul tuleks hajutuspliiatsi otsa kuivatada salvr\u00e4tikusse.<\/p>\n<\/div>","protected":false},"excerpt":{"rendered":"<p>Svamm pol\u00fcuretaanist Sobib: hajutamis\u00f5li (Dorso Oil) kasutamiseks templiv\u00e4rvide segamiseks Valged, kolmnurksed, pakis 16 tk. On v\u00f5imalik osta \u00fchekaupa. Svamm on vajalik hajutus\u00f5li kasutamisel selleks, et liiga palju \u00f5li ei satuks korraga t\u00f6\u00f6 peale. Kasutamine koos hajutus\u00f5liga: * V\u00e4rvide hajutamiseks tilguta 1 tilk \u00f5li svammile. * Seej\u00e4rel v\u00f5ta hajutuspliiats ning vali sobiv otsik. * Puuduta \u00f5rnalt [&hellip;]<\/p>","protected":false},"featured_media":24,"comment_status":"open","ping_status":"closed","template":"","meta":[],"product_brand":[],"product_cat":[43,42],"product_tag":[],"class_list":{"0":"post-17","1":"product","2":"type-product","3":"status-publish","4":"has-post-thumbnail","6":"product_cat-muud-vahendid-muud-vahendid","7":"product_cat-varvimine","9":"first","10":"instock","11":"taxable","12":"shipping-taxable","13":"purchasable","14":"product-type-variable"},"_links":{"self":[{"href":"https:\/\/paberimaagia.eu\/en\/wp-json\/wp\/v2\/product\/17","targetHints":{"allow":["GET"]}}],"collection":[{"href":"https:\/\/paberimaagia.eu\/en\/wp-json\/wp\/v2\/product"}],"about":[{"href":"https:\/\/paberimaagia.eu\/en\/wp-json\/wp\/v2\/types\/product"}],"replies":[{"embeddable":true,"href":"https:\/\/paberimaagia.eu\/en\/wp-json\/wp\/v2\/comments?post=17"}],"version-history":[{"count":2,"href":"https:\/\/paberimaagia.eu\/en\/wp-json\/wp\/v2\/product\/17\/revisions"}],"predecessor-version":[{"id":645,"href":"https:\/\/paberimaagia.eu\/en\/wp-json\/wp\/v2\/product\/17\/revisions\/645"}],"wp:featuredmedia":[{"embeddable":true,"href":"https:\/\/paberimaagia.eu\/en\/wp-json\/wp\/v2\/media\/24"}],"wp:attachment":[{"href":"https:\/\/paberimaagia.eu\/en\/wp-json\/wp\/v2\/media?parent=17"}],"wp:term":[{"taxonomy":"product_brand","embeddable":true,"href":"https:\/\/paberimaagia.eu\/en\/wp-json\/wp\/v2\/product_brand?post=17"},{"taxonomy":"product_cat","embeddable":true,"href":"https:\/\/paberimaagia.eu\/en\/wp-json\/wp\/v2\/product_cat?post=17"},{"taxonomy":"product_tag","embeddable":true,"href":"https:\/\/paberimaagia.eu\/en\/wp-json\/wp\/v2\/product_tag?post=17"}],"curies":[{"name":"wp","href":"https:\/\/api.w.org\/{rel}","templated":true}]}}