{"id":15,"date":"2024-01-20T11:42:43","date_gmt":"2024-01-20T09:42:43","guid":{"rendered":"https:\/\/paberimaagia.eu\/?post_type=product&#038;p=15"},"modified":"2024-03-29T16:54:24","modified_gmt":"2024-03-29T14:54:24","slug":"valguslaud-a4","status":"publish","type":"product","link":"https:\/\/paberimaagia.eu\/en\/product\/valguslaud-a4\/","title":{"rendered":"LED Light Panel + A4 Translucent Piercing Mat : 148 x 210 mm"},"content":{"rendered":"<p>\u00d5huke ja kerge VALGUSLAUD on suureks abiks nii p\u00e4rgamendikunsti kui \u00f5mblemise, tikkimise, kalligraafia, joonistamise, scrapbookingu jm k\u00e4sit\u00f6\u00f6 puhul.<\/p>\n<p>Eriti vajalik v\u00e4rvilise p\u00e4rgamendiga t\u00f6\u00f6tamisel.<\/p>\n<p>Valguslaua sees on eredad LED lambid.<\/p>\n<p>Valgustugevuse reguleerimise v\u00f5imalus: 3 astet.<\/p>\n<p>Valgustatava ala suurus: 313 mm x 220 mm (mugav teha A4 suuruses t\u00f6\u00f6d).<\/p>\n<p>Valguslaua kaal: 641 g (koos pakendiga 984 g).<\/p>\n<p>Elektritoide Micro-USB kaabliga (kaasas) akupangast, arvutist v\u00f5i adapetri kaudu (ei sisaldu komplektis).<\/p>\n<p>Pinge: DC 5V<\/p>\n<p>V\u00f5imsus: 5W<\/p>\n<p>Komplektis kaasas ka valge \u00f5huke perforeerimismatt m\u00f5\u00f5tudega 297 x 210 x 4 mm. Matist kumab valgus l\u00e4bi.<\/p>","protected":false},"excerpt":{"rendered":"<p>Valgustahvel erinevateks t\u00f6\u00f6deks, t\u00f6\u00f6ala m\u00f5\u00f5dud 32,2 cm x 23,0 cm<\/p>","protected":false},"featured_media":16,"comment_status":"open","ping_status":"closed","template":"","meta":[],"product_brand":[],"product_cat":[17,33,30],"product_tag":[],"class_list":{"0":"post-15","1":"product","2":"type-product","3":"status-publish","4":"has-post-thumbnail","6":"product_cat-e-pood","7":"product_cat-muud-tooriistad","8":"product_cat-tooriistad","10":"first","11":"instock","12":"taxable","13":"shipping-taxable","14":"purchasable","15":"product-type-simple"},"_links":{"self":[{"href":"https:\/\/paberimaagia.eu\/en\/wp-json\/wp\/v2\/product\/15","targetHints":{"allow":["GET"]}}],"collection":[{"href":"https:\/\/paberimaagia.eu\/en\/wp-json\/wp\/v2\/product"}],"about":[{"href":"https:\/\/paberimaagia.eu\/en\/wp-json\/wp\/v2\/types\/product"}],"replies":[{"embeddable":true,"href":"https:\/\/paberimaagia.eu\/en\/wp-json\/wp\/v2\/comments?post=15"}],"version-history":[{"count":4,"href":"https:\/\/paberimaagia.eu\/en\/wp-json\/wp\/v2\/product\/15\/revisions"}],"predecessor-version":[{"id":178,"href":"https:\/\/paberimaagia.eu\/en\/wp-json\/wp\/v2\/product\/15\/revisions\/178"}],"wp:featuredmedia":[{"embeddable":true,"href":"https:\/\/paberimaagia.eu\/en\/wp-json\/wp\/v2\/media\/16"}],"wp:attachment":[{"href":"https:\/\/paberimaagia.eu\/en\/wp-json\/wp\/v2\/media?parent=15"}],"wp:term":[{"taxonomy":"product_brand","embeddable":true,"href":"https:\/\/paberimaagia.eu\/en\/wp-json\/wp\/v2\/product_brand?post=15"},{"taxonomy":"product_cat","embeddable":true,"href":"https:\/\/paberimaagia.eu\/en\/wp-json\/wp\/v2\/product_cat?post=15"},{"taxonomy":"product_tag","embeddable":true,"href":"https:\/\/paberimaagia.eu\/en\/wp-json\/wp\/v2\/product_tag?post=15"}],"curies":[{"name":"wp","href":"https:\/\/api.w.org\/{rel}","templated":true}]}}