{"id":685,"date":"2024-03-15T16:45:04","date_gmt":"2024-03-15T14:45:04","guid":{"rendered":"https:\/\/paberimaagia.eu\/?page_id=685"},"modified":"2024-03-25T02:34:01","modified_gmt":"2024-03-25T00:34:01","slug":"e-pood","status":"publish","type":"page","link":"https:\/\/paberimaagia.eu\/en\/e-pood\/","title":{"rendered":"Online Shop"},"content":{"rendered":"<div data-elementor-type=\"wp-page\" data-elementor-id=\"685\" class=\"elementor elementor-685\">\n\t\t\t\t<div class=\"elementor-element elementor-element-35e7babe e-flex e-con-boxed e-con e-parent\" data-id=\"35e7babe\" data-element_type=\"container\">\n\t\t\t\t\t<div class=\"e-con-inner\">\n\t\t<div class=\"elementor-element elementor-element-eec8dbb e-con-full e-flex e-con e-child\" data-id=\"eec8dbb\" data-element_type=\"container\">\n\t\t<div class=\"elementor-element elementor-element-61d0e40 e-flex e-con-boxed e-con e-child\" data-id=\"61d0e40\" data-element_type=\"container\">\n\t\t\t\t\t<div class=\"e-con-inner\">\n\t\t\t\t\t<\/div>\n\t\t\t\t<\/div>\n\t\t<div class=\"elementor-element elementor-element-b112dc0 e-con-full e-flex e-con e-child\" data-id=\"b112dc0\" data-element_type=\"container\">\n\t\t\t\t<\/div>\n\t\t\t\t<\/div>\n\t\t<div class=\"elementor-element elementor-element-461a4c5 e-con-full e-flex e-con e-child\" data-id=\"461a4c5\" data-element_type=\"container\">\n\t\t\t\t<div class=\"elementor-element elementor-element-4250081 elementor-widget elementor-widget-shopengine-product-list\" data-id=\"4250081\" data-element_type=\"widget\" data-widget_type=\"shopengine-product-list.default\">\n\t\t\t\t<div class=\"elementor-widget-container\">\n\t\t\t\t\t<div class=\"shopengine shopengine-widget\"><\/div>\t\t\t\t<\/div>\n\t\t\t\t<\/div>\n\t\t\t\t<\/div>\n\t\t\t\t\t<\/div>\n\t\t\t\t<\/div>\n\t\t\t\t<\/div>","protected":false},"excerpt":{"rendered":"<p>Kaubam\u00e4rk Claritystamp Groovi Pergamano Teema Lilled Maastik Pits Puud Raamid T\u00e4hestik \/ numbrid Mustriplaadi t\u00fc\u00fcp Mustriplaat Mustriplaat \u00fchendatud perforeerimisplaadiga Mustriplaadi suurus A4 A5 ruut Mustriplaadi liik Mustriplaadi hoidja T\u00f6\u00f6riistade t\u00fc\u00fcp Muud t\u00f6\u00f6riistad Perforeerimist\u00f6\u00f6riistad Autor Linda Williams Kasutatav tehnika L\u00f5ikamine P\u00e4rgamendi kinnitamine Perforeerimine V\u00e4rvimine Komplektid Alustuskomplektid P\u00e4rgament &#8211; ja disainpaberite komplektid L\u00f5iketerade m\u00f5\u00f5dud 8,89 x 11,43 [&hellip;]<\/p>","protected":false},"author":1,"featured_media":0,"parent":0,"menu_order":0,"comment_status":"closed","ping_status":"closed","template":"","meta":{"footnotes":""},"class_list":["post-685","page","type-page","status-publish","hentry"],"_links":{"self":[{"href":"https:\/\/paberimaagia.eu\/en\/wp-json\/wp\/v2\/pages\/685","targetHints":{"allow":["GET"]}}],"collection":[{"href":"https:\/\/paberimaagia.eu\/en\/wp-json\/wp\/v2\/pages"}],"about":[{"href":"https:\/\/paberimaagia.eu\/en\/wp-json\/wp\/v2\/types\/page"}],"author":[{"embeddable":true,"href":"https:\/\/paberimaagia.eu\/en\/wp-json\/wp\/v2\/users\/1"}],"replies":[{"embeddable":true,"href":"https:\/\/paberimaagia.eu\/en\/wp-json\/wp\/v2\/comments?post=685"}],"version-history":[{"count":5,"href":"https:\/\/paberimaagia.eu\/en\/wp-json\/wp\/v2\/pages\/685\/revisions"}],"predecessor-version":[{"id":849,"href":"https:\/\/paberimaagia.eu\/en\/wp-json\/wp\/v2\/pages\/685\/revisions\/849"}],"wp:attachment":[{"href":"https:\/\/paberimaagia.eu\/en\/wp-json\/wp\/v2\/media?parent=685"}],"curies":[{"name":"wp","href":"https:\/\/api.w.org\/{rel}","templated":true}]}}