{"id":635,"date":"2024-03-14T13:31:21","date_gmt":"2024-03-14T11:31:21","guid":{"rendered":"https:\/\/paberimaagia.eu\/?page_id=635"},"modified":"2024-06-07T08:42:03","modified_gmt":"2024-06-07T06:42:03","slug":"ostutingimused","status":"publish","type":"page","link":"https:\/\/paberimaagia.eu\/en\/ostutingimused\/","title":{"rendered":"Terms of Service"},"content":{"rendered":"<div data-elementor-type=\"wp-page\" data-elementor-id=\"635\" class=\"elementor elementor-635\">\n\t\t\t\t<div class=\"elementor-element elementor-element-6cccba8 e-flex e-con-boxed e-con e-parent\" data-id=\"6cccba8\" data-element_type=\"container\">\n\t\t\t\t\t<div class=\"e-con-inner\">\n\t\t<div class=\"elementor-element elementor-element-9e3f96e e-flex e-con-boxed e-con e-child\" data-id=\"9e3f96e\" data-element_type=\"container\">\n\t\t\t\t\t<div class=\"e-con-inner\">\n\t\t<div class=\"elementor-element elementor-element-b74d865 e-flex e-con-boxed e-con e-child\" data-id=\"b74d865\" data-element_type=\"container\">\n\t\t\t\t\t<div class=\"e-con-inner\">\n\t\t\t\t<div class=\"elementor-element elementor-element-caa8d1d elementor-widget elementor-widget-heading\" data-id=\"caa8d1d\" data-element_type=\"widget\" data-widget_type=\"heading.default\">\n\t\t\t\t<div class=\"elementor-widget-container\">\n\t\t\t\t\t<h2 class=\"elementor-heading-title elementor-size-default\">OSTUTINGIMUSED<\/h2>\t\t\t\t<\/div>\n\t\t\t\t<\/div>\n\t\t\t\t\t<\/div>\n\t\t\t\t<\/div>\n\t\t\t\t\t<\/div>\n\t\t\t\t<\/div>\n\t\t<div class=\"elementor-element elementor-element-9d58e03 e-flex e-con-boxed e-con e-child\" data-id=\"9d58e03\" data-element_type=\"container\">\n\t\t\t\t\t<div class=\"e-con-inner\">\n\t\t\t\t<div class=\"elementor-element elementor-element-7511933 elementor-widget elementor-widget-text-editor\" data-id=\"7511933\" data-element_type=\"widget\" data-widget_type=\"text-editor.default\">\n\t\t\t\t<div class=\"elementor-widget-container\">\n\t\t\t\t\t\t\t\t\t<p>Veebipoe paberimaagia.ee (edaspidi Veebipood) omanik on Paberimaagia O\u00dc (registrikood 14708272), asukohaga Toome 9, P\u00f5lva.<\/p><h3>M\u00dc\u00dcGILEPINGU KEHTIVUS, KAUBA- JA HINNAINFO<\/h3><p>M\u00fc\u00fcgitingimused kehtivad Veebipoest kaupade ostmisel. Veebipoes m\u00fc\u00fcdavate toodete hinnad on m\u00e4rgitud toodete juurde. Hinnale lisandub tasu kauba k\u00e4ttetoimetamise eest. Kauba k\u00e4ttetoimetamise tasu s\u00f5ltub ostja asukohast ning k\u00e4ttetoimetamise viisist. K\u00e4ttetoimetamise tasu Eesti piires kuvatakse tellimuse vormistamisel. V\u00e4lisriikidesse tarne puhul teavitatakse klienti enne arve v\u00e4ljastamist. Teave kauba kohta on esitatud Veebipoes vahetult kauba juures.<\/p><h3>TELLIMUSE VORMISTAMINE<\/h3><p>Kauba tellimiseks \u00a0lisa soovitud tooted ostukorvi. Tellimuse vormistamiseks t\u00e4ida n\u00f5utud andmev\u00e4ljad ning vali sobiv toodete kohaletoimetamise viis. Seej\u00e4rel kuvatakse ekraanile tasu suurus, mille saab tasuda panga\u00fclekandega e-mailile saadetud arve alusel. Leping j\u00f5ustub alates tasumisele kuuluva summa laekumisest Veebipoe arvelduskontole.<\/p><p>Kauba broneerime ostjale laos kolmeks p\u00e4evaks. Juhul kui tasumine pole toimunud 3 p\u00e4eva jooksul, siis ei saa Veebipood tagada toote tarnimist algselt lubatud aja jooksul.\u00a0<\/p><p>Kui tellitud kaupa ei ole v\u00f5imalik tarnida seoses kauba l\u00f5ppemisega v\u00f5i muul p\u00f5hjusel, teavitame sellest esimesel v\u00f5imalusel ning tagastame tasutud raha (sh kauba k\u00e4ttetoimetamise kulud, kui \u00fchtegi kaupa ei saadeta) viivitamata, kuid mitte hiljem kui 14 p\u00e4eva jooksul teate saatmisest.<\/p><h3>KOHALETOIMETAMINE<\/h3><p>Kauba saatmiskulud kannab ostja ning Eestisisese saatmise korral on hinnainfo kuvatud saatmisviisi juures. Eestisisesed saadetised j\u00f5uavad \u00fcldjuhul ostja m\u00e4\u00e4ratud sihtpunkti 3 kuni 5 t\u00f6\u00f6p\u00e4eva jooksul alates m\u00fc\u00fcgilepingu j\u00f5ustumisest.<\/p><p>Saatekulud on j\u00e4rgmised:<\/p><ul><li>Itella Smartpost pakiautomaat 3,60 \u20ac<\/li><\/ul><ul><li>Omniva pakiautomaat 3,90 \u20ac<\/li><\/ul><ul><li>Kaubale on v\u00f5imalik kokkulepitud ajal ise j\u00e4rele tulla stuudiosse aadressil Toome 9, P\u00f5lva. Sel juhul saatekulu ei lisandu.<\/li><\/ul><p>Kaupu saadame ka v\u00e4ljaspoole Eestit. Saatmiskulude ning kohaletoimetamise aja anname teada meili teel peale tellimuse komplekteerimist.\u00a0<\/p><h3>TAGANEMIS\u00d5IGUS<\/h3><p>Ostjal on \u00f5igus tellimusest taganeda 14 p\u00e4eva jooksul peale tellimuse k\u00e4ttesaamist. Taganemis\u00f5igus ei kohaldu, kui ostjaks on juriidiline isik. 14-p\u00e4evase tagastamis\u00f5iguse kasutamiseks ei tohi tellitud kaupa kasutada muul viisil kui on vajalik kauba olemuses, omadustes ja toimimises veendumiseks viisil nagu see on lubatud kauba testimiseks f\u00fc\u00fcsilises poes. Kui kaupa on kasutatud muuks otstarbeks kui on vajalik kauba olemuses, omadustes ja toimimises veendumiseks v\u00f5i sellel on kasutamise v\u00f5i kulumise m\u00e4rke, on Veebipoel \u00f5igus alandada tagastatavat tasu vastavalt kauba v\u00e4\u00e4rtuse v\u00e4henemisele.<\/p><p>Kauba tagastamiseks tuleb saata kauba ostmisest taganemise avaldus vabas vormis v\u00f5i valmis vormil e-posti aadressile\u00a0<a href=\"mailto:info@paberimaagia.ee\">info@paberimaagia.ee<\/a>\u00a0hiljemalt 14 p\u00e4eva jooksul peale kauba k\u00e4ttesaamist. Avalduse vormi leiab siit:\u00a0<a href=\"https:\/\/www.paberimaagia.ee\/media\/paberimaagia-1\/toote%20tagastamise%20avaldus.docx\">taganemisavaldus<\/a>.<\/p><p>Kauba tagastamise kulud kannab ostja, v\u00e4lja arvatud juhul, kui tagastamisele kuuluv asi ei vasta tellitule (nt vale v\u00f5i defektiga asi). Ostja peab kauba tagastama avalduse esitamisele j\u00e4rgneva 14 p\u00e4eva jooksul v\u00f5i esitama t\u00f5endi, et ta on eelnimetatud perioodi jooksul kauba \u00fcle andnud kauba vedajale. Veebipood tagastab tagastatava kauba k\u00e4ttesaamisel ostjale viivitamata, kuid mitte hiljem kui 14 p\u00e4eva m\u00f6\u00f6dumisel arvates taganemisavalduse saamisest, k\u00f5ik ostjalt lepingu alusel saadud tasud. Veebipood v\u00f5ib keelduda tagasimaksete tegemisest seni, kuni on lepingu esemeks oleva asja tagasi saanud v\u00f5i kuni ostja on esitanud t\u00f5endid, et on asja tagasi saatnud, s\u00f5ltuvalt sellest, kumb toimub varem. Kui ostja on s\u00f5naselgelt valinud Veebipoe pakutud k\u00f5ige odavamast tavap\u00e4rasest asja k\u00e4ttetoimetamise viisist erineva k\u00e4ttetoimetamise viisi, ei pea Veebipood tarbijale tagastama kulu, mis \u00fcletab tavap\u00e4rase k\u00e4ttetoimetamise viisiga seotud kulu. Veebipoel on \u00f5igus taganeda m\u00fc\u00fcgitehingust ning n\u00f5uda ostjalt tagasi kaup, kui kauba hind veebipoes on eksituse t\u00f5ttu m\u00e4rgitud oluliselt alla kauba turuhinna.<\/p><h3>PRETENSIOONI ESITAMISE \u00d5IGUS<\/h3><p>Veebipood vastutab ostjale m\u00fc\u00fcdud kauba lepingutingimustele mittevastavuse v\u00f5i puuduse eest, mis oli olemas juba asja \u00fcleandmise hetkel ning mis ilmneb kuni kahe aasta jooksul, alates kauba \u00fcleandmisest ostjale. Sellest esimese aasta jooksul asja \u00fcleandmisest ostjale eeldatakse, et puudus oli olemas juba asja \u00fcleandmise ajal. Vastava eelduse \u00fcmberl\u00fckkamine on Veebipoe kohustus. Ostjal on \u00f5igus puuduse ilmnemisel p\u00f6\u00f6rduda hiljemalt kahe kuu jooksul veebipoe poole, saates e-kirja aadressile info@paberimaagia.ee v\u00f5i helistada telefonil: (+372) 5656 6024.<\/p><p>Veebipood ei vastuta puuduste eest, mis on tekkinud p\u00e4rast kauba \u00fcleandmist ostjale. Juhul kui Veebipoest ostetud kaubal on puudused, mille eest Veebipood vastutab, parandab v\u00f5i asendab Veebipood puudusega kauba. Kui kaupa ei ole v\u00f5imalik parandada ega asendada, tagastab Veebipood ostjale k\u00f5ik m\u00fc\u00fcgilepinguga kaasnenud tasud. Veebipood vastab tarbija esitatud kaebusele kirjalikult v\u00f5i kirjalikku taasesitamist v\u00f5imaldavas vormis 15 p\u00e4eva jooksul.<\/p><h3>OTSETURUSTUS JA ISIKUANDMETE T\u00d6\u00d6TLEMINE<\/h3><p>Veebipood kasutab ostja poolt sisestatud isikuandmeid ainult tellimuse t\u00f6\u00f6tlemiseks ning kauba ostjale saatmiseks. Veebipood edastab isikuandmeid veoteenust pakkuvale ettev\u00f5tetele selleks, et tellitud kaup kohale toimetada. Veebipood saadab ostjale uudiskirju ning pakkumisi ostja e-maili aadressile ainult juhul, kui ostja on selleks avaldanud soovi sisestades veebilehel e-kirja aadressi ning andnud teada oma soovist otsepostituse teadete saamiseks. Ostjal on igal ajal v\u00f5imalik loobuda e-postile saadetavatest pakkumistest ja uudiskirjadest andes sellest meile teada e-kirja teel v\u00f5i j\u00e4rgides pakkumisi sisaldavas e-kirjas toodud juhiseid.<\/p><h3>VAIDLUSTE LAHENDAMINE<\/h3><p>Kui ostjal on Veebipoe osas pretensioone, tuleb need saata e-kirja aadressile\u00a0<a href=\"mailto:info@paberimaagia.ee\">info@paberimaagia.ee<\/a>\u00a0v\u00f5i helistada telefonil: (+372) 5656 6024. Kui ostja ja Veebipood ei suuda lahenda vaidlust kokkuleppe teel, siis on ostjal v\u00f5imalik p\u00f6\u00f6rduda Tarbijavaidluste komisjoni poole. Menetlustingimustega saab tutvuda ning avaldust esitada\u00a0<a href=\"https:\/\/komisjon.ee\/et\">siin<\/a>. Tarbijavaidluste komisjoni p\u00e4devuses on lahendada ostja ja Veebipoe vahel s\u00f5lmitud lepingust tulenevaid vaidlusi. Ostja kaebuse l\u00e4bivaatamine komisjonis on tasuta. Ostja v\u00f5ib p\u00f6\u00f6rduda Euroopa Liidu tarbijavaidlusi lahendava platvormi poole.<\/p><p>Veebipoe paberimaagia.ee (edaspidi Veebipood) omanik on Paberimaagia O\u00dc (registrikood 14708272), asukohaga Toome 9, P\u00f5lva.<\/p><h3>M\u00dc\u00dcGILEPINGU KEHTIVUS, KAUBA- JA HINNAINFO<\/h3><p>M\u00fc\u00fcgitingimused kehtivad Veebipoest kaupade ostmisel. Veebipoes m\u00fc\u00fcdavate toodete hinnad on m\u00e4rgitud toodete juurde. Hinnale lisandub tasu kauba k\u00e4ttetoimetamise eest. Kauba k\u00e4ttetoimetamise tasu s\u00f5ltub ostja asukohast ning k\u00e4ttetoimetamise viisist. K\u00e4ttetoimetamise tasu Eesti piires kuvatakse tellimuse vormistamisel. V\u00e4lisriikidesse tarne puhul teavitatakse klienti enne arve v\u00e4ljastamist. Teave kauba kohta on esitatud Veebipoes vahetult kauba juures.<\/p><h3>TELLIMUSE VORMISTAMINE<\/h3><p>Kauba tellimiseks lisa soovitud tooted ostukorvi. Tellimuse vormistamiseks t\u00e4ida n\u00f5utud andmev\u00e4ljad ning vali sobiv toodete kohaletoimetamise viis. Seej\u00e4rel kuvatakse ekraanile tasu suurus, mille saab tasuda panga\u00fclekandega e-mailile saadetud arve alusel v\u00f5i pangalinki kasutades. Pangalingi teenust pakub Paberimaagia O\u00dc e-poele EveryPay. Leping j\u00f5ustub alates tasumisele kuuluva summa laekumisest Veebipoe arvelduskontole.<\/p><p>Laos oleva kauba broneerime ostjale laos kolmeks p\u00e4evaks. Juhul kui tasumine pole toimunud 3 p\u00e4eva jooksul, siis ei saa Veebipood tagada toote tarnimist algselt lubatud aja jooksul.\u00a0<\/p><p>Kui tellitud kaupa ei ole v\u00f5imalik tarnida seoses kauba l\u00f5ppemisega v\u00f5i muul p\u00f5hjusel, teavitame sellest esimesel v\u00f5imalusel ning tagastame tasutud raha (sh kauba k\u00e4ttetoimetamise kulud, kui \u00fchtegi kaupa ei saadeta) viivitamata, kuid mitte hiljem kui 14 p\u00e4eva jooksul teate saatmisest.<\/p><h3>TAGANEMIS\u00d5IGUS<\/h3><p>Ostjal on \u00f5igus tellimusest taganeda 14 p\u00e4eva jooksul peale tellimuse k\u00e4ttesaamist. Taganemis\u00f5igus ei kohaldu, kui ostjaks on juriidiline isik. 14-p\u00e4evase tagastamis\u00f5iguse kasutamiseks ei tohi tellitud kaupa kasutada muul viisil kui on vajalik kauba olemuses, omadustes ja toimimises veendumiseks viisil nagu see on lubatud kauba testimiseks f\u00fc\u00fcsilises poes. Kui kaupa on kasutatud muuks otstarbeks kui on vajalik kauba olemuses, omadustes ja toimimises veendumiseks v\u00f5i sellel on kasutamise v\u00f5i kulumise m\u00e4rke, on Veebipoel \u00f5igus alandada tagastatavat tasu vastavalt kauba v\u00e4\u00e4rtuse v\u00e4henemisele.<\/p><p>Kauba tagastamiseks tuleb saata kauba ostmisest taganemise avaldus vabas vormis v\u00f5i valmis vormil e-posti aadressile\u00a0<a href=\"mailto:info@paberimaagia.ee\">info@paberimaagia.ee<\/a>\u00a0hiljemalt 14 p\u00e4eva jooksul peale kauba k\u00e4ttesaamist. Avalduse vormi leiab siit: taganemisavaldus.<\/p><p>Kauba tagastamise kulud kannab ostja, v\u00e4lja arvatud juhul, kui tagastamisele kuuluv asi ei vasta tellitule (nt vale v\u00f5i defektiga asi). Ostja peab kauba tagastama avalduse esitamisele j\u00e4rgneva 14 p\u00e4eva jooksul v\u00f5i esitama t\u00f5endi, et ta on eelnimetatud perioodi jooksul kauba \u00fcle andnud kauba vedajale. Veebipood tagastab tagastatava kauba k\u00e4ttesaamisel ostjale viivitamata, kuid mitte hiljem kui 14 p\u00e4eva m\u00f6\u00f6dumisel arvates taganemisavalduse saamisest, k\u00f5ik ostjalt lepingu alusel saadud tasud. Veebipood v\u00f5ib keelduda tagasimaksete tegemisest seni, kuni on lepingu esemeks oleva asja tagasi saanud v\u00f5i kuni ostja on esitanud t\u00f5endid, et on asja tagasi saatnud, s\u00f5ltuvalt sellest, kumb toimub varem. Kui ostja on s\u00f5naselgelt valinud Veebipoe pakutud k\u00f5ige odavamast tavap\u00e4rasest asja k\u00e4ttetoimetamise viisist erineva k\u00e4ttetoimetamise viisi, ei pea Veebipood tarbijale tagastama kulu, mis \u00fcletab tavap\u00e4rase k\u00e4ttetoimetamise viisiga seotud kulu. Veebipoel on \u00f5igus taganeda m\u00fc\u00fcgitehingust ning n\u00f5uda ostjalt tagasi kaup, kui kauba hind veebipoes on eksituse t\u00f5ttu m\u00e4rgitud oluliselt alla kauba turuhinna.<\/p><h3>PRETENSIOONI ESITAMISE \u00d5IGUS<\/h3><p>Veebipood vastutab ostjale m\u00fc\u00fcdud kauba lepingutingimustele mittevastavuse v\u00f5i puuduse eest, mis oli olemas juba asja \u00fcleandmise hetkel ning mis ilmneb kuni kahe aasta jooksul, alates kauba \u00fcleandmisest ostjale. Sellest esimese kuue kuu jooksul asja \u00fcleandmisest ostjale eeldatakse, et puudus oli olemas juba asja \u00fcleandmise ajal. Vastava eelduse \u00fcmberl\u00fckkamine on Veebipoe kohustus. Ostjal on \u00f5igus puuduse ilmnemisel p\u00f6\u00f6rduda hiljemalt kahe kuu jooksul veebipoe poole, saates e-kirja aadressile info@paberimaagia.ee v\u00f5i helistada telefonil: (+372) 5656 6024.<\/p><p>Veebipood ei vastuta puuduste eest, mis on tekkinud p\u00e4rast kauba \u00fcleandmist ostjale. Juhul kui Veebipoest ostetud kaubal on puudused, mille eest Veebipood vastutab, parandab v\u00f5i asendab Veebipood puudusega kauba. Kui kaupa ei ole v\u00f5imalik parandada ega asendada, tagastab Veebipood ostjale k\u00f5ik m\u00fc\u00fcgilepinguga kaasnenud tasud. Veebipood vastab tarbija esitatud kaebusele kirjalikult v\u00f5i kirjalikku taasesitamist v\u00f5imaldavas vormis 15 p\u00e4eva jooksul.<\/p><h3>OTSETURUSTUS JA ISIKUANDMETE T\u00d6\u00d6TLEMINE<\/h3><p>Veebipood kasutab ostja poolt sisestatud isikuandmeid ainult tellimuse t\u00f6\u00f6tlemiseks ning kauba ostjale saatmiseks. Veebipood edastab isikuandmeid veoteenust pakkuvale ettev\u00f5tetele selleks, et tellitud kaup kohale toimetada. Veebipood saadab ostjale uudiskirju ning pakkumisi ostja e-maili aadressile ainult juhul, kui ostja on selleks avaldanud soovi sisestades veebilehel e-kirja aadressi ning andnud teada oma soovist otsepostituse teadete saamiseks. Ostjal on igal ajal v\u00f5imalik loobuda e-postile saadetavatest pakkumistest ja uudiskirjadest andes sellest meile teada e-kirja teel v\u00f5i j\u00e4rgides pakkumisi sisaldavas e-kirjas toodud juhiseid.<\/p><h3>VAIDLUSTE LAHENDAMINE<\/h3><p>Kui ostjal on Veebipoe osas pretensioone, tuleb need saata e-kirja aadressile\u00a0<a href=\"mailto:info@paberimaagia.ee\">info@paberimaagia.ee<\/a>\u00a0v\u00f5i helistada telefonil: (+372) 5656 6024. Kui ostja ja Veebipood ei suuda lahenda vaidlust kokkuleppe teel, siis on ostjal v\u00f5imalik p\u00f6\u00f6rduda Tarbijavaidluste komisjoni poole. Menetlustingimustega saab tutvuda ning avaldust esitada\u00a0<a href=\"https:\/\/komisjon.ee\/et\">siin<\/a>. Tarbijavaidluste komisjoni p\u00e4devuses on lahendada ostja ja Veebipoe vahel s\u00f5lmitud lepingust tulenevaid vaidlusi. Ostja kaebuse l\u00e4bivaatamine komisjonis on tasuta. Ostja v\u00f5ib p\u00f6\u00f6rduda Euroopa Liidu tarbijavaidlusi lahendava platvormi poole.<\/p>\t\t\t\t\t\t\t\t<\/div>\n\t\t\t\t<\/div>\n\t\t\t\t\t<\/div>\n\t\t\t\t<\/div>\n\t\t\t\t\t<\/div>\n\t\t\t\t<\/div>\n\t\t\t\t<\/div>","protected":false},"excerpt":{"rendered":"<p>OSTUTINGIMUSED Veebipoe paberimaagia.ee (edaspidi Veebipood) omanik on Paberimaagia O\u00dc (registrikood 14708272), asukohaga Toome 9, P\u00f5lva. M\u00dc\u00dcGILEPINGU KEHTIVUS, KAUBA- JA HINNAINFO M\u00fc\u00fcgitingimused kehtivad Veebipoest kaupade ostmisel. Veebipoes m\u00fc\u00fcdavate toodete hinnad on m\u00e4rgitud toodete juurde. Hinnale lisandub tasu kauba k\u00e4ttetoimetamise eest. Kauba k\u00e4ttetoimetamise tasu s\u00f5ltub ostja asukohast ning k\u00e4ttetoimetamise viisist. K\u00e4ttetoimetamise tasu Eesti piires kuvatakse tellimuse vormistamisel. [&hellip;]<\/p>","protected":false},"author":1,"featured_media":0,"parent":0,"menu_order":0,"comment_status":"closed","ping_status":"closed","template":"","meta":{"footnotes":""},"class_list":["post-635","page","type-page","status-publish","hentry"],"_links":{"self":[{"href":"https:\/\/paberimaagia.eu\/en\/wp-json\/wp\/v2\/pages\/635","targetHints":{"allow":["GET"]}}],"collection":[{"href":"https:\/\/paberimaagia.eu\/en\/wp-json\/wp\/v2\/pages"}],"about":[{"href":"https:\/\/paberimaagia.eu\/en\/wp-json\/wp\/v2\/types\/page"}],"author":[{"embeddable":true,"href":"https:\/\/paberimaagia.eu\/en\/wp-json\/wp\/v2\/users\/1"}],"replies":[{"embeddable":true,"href":"https:\/\/paberimaagia.eu\/en\/wp-json\/wp\/v2\/comments?post=635"}],"version-history":[{"count":5,"href":"https:\/\/paberimaagia.eu\/en\/wp-json\/wp\/v2\/pages\/635\/revisions"}],"predecessor-version":[{"id":910,"href":"https:\/\/paberimaagia.eu\/en\/wp-json\/wp\/v2\/pages\/635\/revisions\/910"}],"wp:attachment":[{"href":"https:\/\/paberimaagia.eu\/en\/wp-json\/wp\/v2\/media?parent=635"}],"curies":[{"name":"wp","href":"https:\/\/api.w.org\/{rel}","templated":true}]}}