{"id":36,"date":"2024-02-10T01:46:21","date_gmt":"2024-02-09T23:46:21","guid":{"rendered":"https:\/\/paberimaagia.eu\/?page_id=36"},"modified":"2024-03-25T00:43:35","modified_gmt":"2024-03-24T22:43:35","slug":"esileht","status":"publish","type":"page","link":"https:\/\/paberimaagia.eu\/en\/","title":{"rendered":"Esileht"},"content":{"rendered":"<div data-elementor-type=\"wp-page\" data-elementor-id=\"36\" class=\"elementor elementor-36\">\n\t\t\t\t<div class=\"elementor-element elementor-element-ba5ca8b e-con-full e-flex e-con e-parent\" data-id=\"ba5ca8b\" data-element_type=\"container\" data-settings=\"{&quot;background_background&quot;:&quot;classic&quot;}\">\n\t\t<div class=\"elementor-element elementor-element-55d5990 e-con-full e-flex e-con e-child\" data-id=\"55d5990\" data-element_type=\"container\" data-settings=\"{&quot;background_background&quot;:&quot;classic&quot;}\">\n\t\t<div class=\"elementor-element elementor-element-84348c5 e-flex e-con-boxed e-con e-child\" data-id=\"84348c5\" data-element_type=\"container\">\n\t\t\t\t\t<div class=\"e-con-inner\">\n\t\t\t\t<div class=\"elementor-element elementor-element-dfc4f56 elementor-widget elementor-widget-text-editor\" data-id=\"dfc4f56\" data-element_type=\"widget\" data-widget_type=\"text-editor.default\">\n\t\t\t\t<div class=\"elementor-widget-container\">\n\t\t\t\t\t\t\t\t\t<p>IT'S TIME FOR THE NEW BEGINNINGS<\/p><p>\u00a0<\/p>\t\t\t\t\t\t\t\t<\/div>\n\t\t\t\t<\/div>\n\t\t\t\t<div class=\"elementor-element elementor-element-e012fe0 elementor-widget elementor-widget-text-editor\" data-id=\"e012fe0\" data-element_type=\"widget\" data-widget_type=\"text-editor.default\">\n\t\t\t\t<div class=\"elementor-widget-container\">\n\t\t\t\t\t\t\t\t\t<p>MARCH 25  until APRIL 3<\/p>\t\t\t\t\t\t\t\t<\/div>\n\t\t\t\t<\/div>\n\t\t\t\t<div class=\"elementor-element elementor-element-fa7405a elementor-widget elementor-widget-text-editor\" data-id=\"fa7405a\" data-element_type=\"widget\" data-widget_type=\"text-editor.default\">\n\t\t\t\t<div class=\"elementor-widget-container\">\n\t\t\t\t\t\t\t\t\t<p>Put and order <strong>and<\/strong> win 1.5 hour <strong>participation<\/strong> in the workshop!<\/p>\t\t\t\t\t\t\t\t<\/div>\n\t\t\t\t<\/div>\n\t\t\t\t<div class=\"elementor-element elementor-element-848433a elementor-widget elementor-widget-text-editor\" data-id=\"848433a\" data-element_type=\"widget\" data-widget_type=\"text-editor.default\">\n\t\t\t\t<div class=\"elementor-widget-container\">\n\t\t\t\t\t\t\t\t\t<p>LEARN SOMETHING NEW!<\/p>\t\t\t\t\t\t\t\t<\/div>\n\t\t\t\t<\/div>\n\t\t\t\t<div class=\"elementor-element elementor-element-efd1f05 elementor-align-center elementor-widget__width-initial elementor-widget elementor-widget-button\" data-id=\"efd1f05\" data-element_type=\"widget\" data-widget_type=\"button.default\">\n\t\t\t\t<div class=\"elementor-widget-container\">\n\t\t\t\t\t\t\t\t\t<div class=\"elementor-button-wrapper\">\n\t\t\t\t\t<a class=\"elementor-button elementor-button-link elementor-size-sm\" href=\"https:\/\/paberimaagia.eu\/en\/product-category\/e-pood\/komplektid\/\">\n\t\t\t\t\t\t<span class=\"elementor-button-content-wrapper\">\n\t\t\t\t\t\t\t\t\t<span class=\"elementor-button-text\"> START HERE<\/span>\n\t\t\t\t\t<\/span>\n\t\t\t\t\t<\/a>\n\t\t\t\t<\/div>\n\t\t\t\t\t\t\t\t<\/div>\n\t\t\t\t<\/div>\n\t\t\t\t\t<\/div>\n\t\t\t\t<\/div>\n\t\t\t\t<\/div>\n\t\t\t\t<\/div>\n\t\t<div class=\"elementor-element elementor-element-99640dd e-flex e-con-boxed e-con e-parent\" data-id=\"99640dd\" data-element_type=\"container\">\n\t\t\t\t\t<div class=\"e-con-inner\">\n\t\t\t\t<div class=\"elementor-element elementor-element-b7f246a elementor-widget elementor-widget-heading\" data-id=\"b7f246a\" data-element_type=\"widget\" data-widget_type=\"heading.default\">\n\t\t\t\t<div class=\"elementor-widget-container\">\n\t\t\t\t\t<h2 class=\"elementor-heading-title elementor-size-default\">PRODUCT CATEGORIES<\/h2>\t\t\t\t<\/div>\n\t\t\t\t<\/div>\n\t\t\t\t\t<\/div>\n\t\t\t\t<\/div>\n\t\t<div class=\"elementor-element elementor-element-66a9dc0 e-flex e-con-boxed e-con e-parent\" data-id=\"66a9dc0\" data-element_type=\"container\">\n\t\t\t\t\t<div class=\"e-con-inner\">\n\t\t<div class=\"elementor-element elementor-element-9ad4f51 e-con-full e-flex e-con e-child\" data-id=\"9ad4f51\" data-element_type=\"container\">\n\t\t\t\t<div class=\"elementor-element elementor-element-1f3ae65 elementor-widget elementor-widget-image\" data-id=\"1f3ae65\" data-element_type=\"widget\" data-widget_type=\"image.default\">\n\t\t\t\t<div class=\"elementor-widget-container\">\n\t\t\t\t\t\t\t\t\t\t\t\t\t\t\t\t<a href=\"https:\/\/paberimaagia.eu\/en\/product-category\/e-pood\/komplektid\/\">\n\t\t\t\t\t\t\t<img fetchpriority=\"high\" decoding=\"async\" width=\"800\" height=\"800\" src=\"https:\/\/paberimaagia.eu\/wp-content\/uploads\/2024\/02\/New2024GrooviStarterKitDeluxe_1024x1024.webp\" class=\"attachment-large size-large wp-image-85\" alt=\"Uus Deluxe alustuskomplekt\" srcset=\"https:\/\/paberimaagia.eu\/wp-content\/uploads\/2024\/02\/New2024GrooviStarterKitDeluxe_1024x1024.webp 1000w, https:\/\/paberimaagia.eu\/wp-content\/uploads\/2024\/02\/New2024GrooviStarterKitDeluxe_1024x1024-300x300.webp 300w, https:\/\/paberimaagia.eu\/wp-content\/uploads\/2024\/02\/New2024GrooviStarterKitDeluxe_1024x1024-150x150.webp 150w, https:\/\/paberimaagia.eu\/wp-content\/uploads\/2024\/02\/New2024GrooviStarterKitDeluxe_1024x1024-768x768.webp 768w, https:\/\/paberimaagia.eu\/wp-content\/uploads\/2024\/02\/New2024GrooviStarterKitDeluxe_1024x1024-12x12.webp 12w, https:\/\/paberimaagia.eu\/wp-content\/uploads\/2024\/02\/New2024GrooviStarterKitDeluxe_1024x1024-600x600.webp 600w, https:\/\/paberimaagia.eu\/wp-content\/uploads\/2024\/02\/New2024GrooviStarterKitDeluxe_1024x1024-100x100.webp 100w\" sizes=\"(max-width: 800px) 100vw, 800px\" \/>\t\t\t\t\t\t\t\t<\/a>\n\t\t\t\t\t\t\t\t\t\t\t\t\t\t\t<\/div>\n\t\t\t\t<\/div>\n\t\t\t\t<\/div>\n\t\t<div class=\"elementor-element elementor-element-7e03477 e-con-full e-flex e-con e-child\" data-id=\"7e03477\" data-element_type=\"container\">\n\t\t\t\t<div class=\"elementor-element elementor-element-1973669 elementor-widget elementor-widget-image\" data-id=\"1973669\" data-element_type=\"widget\" data-widget_type=\"image.default\">\n\t\t\t\t<div class=\"elementor-widget-container\">\n\t\t\t\t\t\t\t\t\t\t\t\t\t\t\t\t<a href=\"https:\/\/paberimaagia.eu\/en\/product-category\/e-pood\/mustriplaadid\/\">\n\t\t\t\t\t\t\t<img decoding=\"async\" width=\"800\" height=\"800\" data-src=\"https:\/\/paberimaagia.eu\/wp-content\/uploads\/2024\/02\/GRO-FL-41219-03_Tina_s_Flower_Frames_Set_1024x1024.jpg\" class=\"attachment-large size-large wp-image-93 lazyload\" alt=\"Neli p\u00e4rgamendi mustriplaati\" data-srcset=\"https:\/\/paberimaagia.eu\/wp-content\/uploads\/2024\/02\/GRO-FL-41219-03_Tina_s_Flower_Frames_Set_1024x1024.jpg 1000w, https:\/\/paberimaagia.eu\/wp-content\/uploads\/2024\/02\/GRO-FL-41219-03_Tina_s_Flower_Frames_Set_1024x1024-300x300.jpg 300w, https:\/\/paberimaagia.eu\/wp-content\/uploads\/2024\/02\/GRO-FL-41219-03_Tina_s_Flower_Frames_Set_1024x1024-150x150.jpg 150w, https:\/\/paberimaagia.eu\/wp-content\/uploads\/2024\/02\/GRO-FL-41219-03_Tina_s_Flower_Frames_Set_1024x1024-768x768.jpg 768w, https:\/\/paberimaagia.eu\/wp-content\/uploads\/2024\/02\/GRO-FL-41219-03_Tina_s_Flower_Frames_Set_1024x1024-12x12.jpg 12w, https:\/\/paberimaagia.eu\/wp-content\/uploads\/2024\/02\/GRO-FL-41219-03_Tina_s_Flower_Frames_Set_1024x1024-600x600.jpg 600w, https:\/\/paberimaagia.eu\/wp-content\/uploads\/2024\/02\/GRO-FL-41219-03_Tina_s_Flower_Frames_Set_1024x1024-100x100.jpg 100w\" data-sizes=\"(max-width: 800px) 100vw, 800px\" src=\"data:image\/svg+xml;base64,PHN2ZyB3aWR0aD0iMSIgaGVpZ2h0PSIxIiB4bWxucz0iaHR0cDovL3d3dy53My5vcmcvMjAwMC9zdmciPjwvc3ZnPg==\" style=\"--smush-placeholder-width: 800px; --smush-placeholder-aspect-ratio: 800\/800;\" \/>\t\t\t\t\t\t\t\t<\/a>\n\t\t\t\t\t\t\t\t\t\t\t\t\t\t\t<\/div>\n\t\t\t\t<\/div>\n\t\t\t\t<\/div>\n\t\t<div class=\"elementor-element elementor-element-57a949f e-con-full e-flex e-con e-child\" data-id=\"57a949f\" data-element_type=\"container\">\n\t\t\t\t<div class=\"elementor-element elementor-element-c209ed4 elementor-widget elementor-widget-image\" data-id=\"c209ed4\" data-element_type=\"widget\" data-widget_type=\"image.default\">\n\t\t\t\t<div class=\"elementor-widget-container\">\n\t\t\t\t\t\t\t\t\t\t\t\t\t\t\t\t<a href=\"https:\/\/paberimaagia.eu\/en\/product-category\/e-pood\/tooriistad\/\">\n\t\t\t\t\t\t\t<img decoding=\"async\" width=\"800\" height=\"384\" data-src=\"https:\/\/paberimaagia.eu\/wp-content\/uploads\/2024\/02\/040419_homepage_images_main_categories-PERGA.jpg\" class=\"attachment-large size-large wp-image-97 lazyload\" alt=\"\" data-srcset=\"https:\/\/paberimaagia.eu\/wp-content\/uploads\/2024\/02\/040419_homepage_images_main_categories-PERGA.jpg 980w, https:\/\/paberimaagia.eu\/wp-content\/uploads\/2024\/02\/040419_homepage_images_main_categories-PERGA-300x144.jpg 300w, https:\/\/paberimaagia.eu\/wp-content\/uploads\/2024\/02\/040419_homepage_images_main_categories-PERGA-768x368.jpg 768w, https:\/\/paberimaagia.eu\/wp-content\/uploads\/2024\/02\/040419_homepage_images_main_categories-PERGA-18x9.jpg 18w, https:\/\/paberimaagia.eu\/wp-content\/uploads\/2024\/02\/040419_homepage_images_main_categories-PERGA-600x288.jpg 600w\" data-sizes=\"(max-width: 800px) 100vw, 800px\" src=\"data:image\/svg+xml;base64,PHN2ZyB3aWR0aD0iMSIgaGVpZ2h0PSIxIiB4bWxucz0iaHR0cDovL3d3dy53My5vcmcvMjAwMC9zdmciPjwvc3ZnPg==\" style=\"--smush-placeholder-width: 800px; --smush-placeholder-aspect-ratio: 800\/384;\" \/>\t\t\t\t\t\t\t\t<\/a>\n\t\t\t\t\t\t\t\t\t\t\t\t\t\t\t<\/div>\n\t\t\t\t<\/div>\n\t\t\t\t<\/div>\n\t\t\t\t\t<\/div>\n\t\t\t\t<\/div>\n\t\t<div class=\"elementor-element elementor-element-1418c4c e-flex e-con-boxed e-con e-parent\" data-id=\"1418c4c\" data-element_type=\"container\">\n\t\t\t\t\t<div class=\"e-con-inner\">\n\t\t<div class=\"elementor-element elementor-element-cae4a69 e-con-full e-flex e-con e-child\" data-id=\"cae4a69\" data-element_type=\"container\">\n\t\t\t\t<div class=\"elementor-element elementor-element-656bc58 elementor-widget elementor-widget-text-editor\" data-id=\"656bc58\" data-element_type=\"widget\" data-widget_type=\"text-editor.default\">\n\t\t\t\t<div class=\"elementor-widget-container\">\n\t\t\t\t\t\t\t\t\t<p><a href=\"https:\/\/paberimaagia.eu\/en\/product-category\/e-pood\/komplektid\/\">SETS<\/a><\/p>\t\t\t\t\t\t\t\t<\/div>\n\t\t\t\t<\/div>\n\t\t\t\t<\/div>\n\t\t<div class=\"elementor-element elementor-element-fb24cce e-con-full e-flex e-con e-child\" data-id=\"fb24cce\" data-element_type=\"container\">\n\t\t\t\t<div class=\"elementor-element elementor-element-302a787 elementor-widget elementor-widget-text-editor\" data-id=\"302a787\" data-element_type=\"widget\" data-widget_type=\"text-editor.default\">\n\t\t\t\t<div class=\"elementor-widget-container\">\n\t\t\t\t\t\t\t\t\t<p><a href=\"https:\/\/paberimaagia.eu\/en\/product-category\/e-pood\/mustriplaadid\/\">GROOVI PLATES<\/a><\/p>\t\t\t\t\t\t\t\t<\/div>\n\t\t\t\t<\/div>\n\t\t\t\t<\/div>\n\t\t<div class=\"elementor-element elementor-element-75d6a76 e-con-full e-flex e-con e-child\" data-id=\"75d6a76\" data-element_type=\"container\">\n\t\t\t\t<div class=\"elementor-element elementor-element-6d7bc3d elementor-widget elementor-widget-text-editor\" data-id=\"6d7bc3d\" data-element_type=\"widget\" data-widget_type=\"text-editor.default\">\n\t\t\t\t<div class=\"elementor-widget-container\">\n\t\t\t\t\t\t\t\t\t<p><a href=\"https:\/\/paberimaagia.eu\/en\/product-category\/e-pood\/tooriistad\/\">TOOLS<\/a><\/p>\t\t\t\t\t\t\t\t<\/div>\n\t\t\t\t<\/div>\n\t\t\t\t<\/div>\n\t\t\t\t\t<\/div>\n\t\t\t\t<\/div>\n\t\t<div class=\"elementor-element elementor-element-586015d e-flex e-con-boxed e-con e-parent\" data-id=\"586015d\" data-element_type=\"container\">\n\t\t\t\t\t<div class=\"e-con-inner\">\n\t\t<div class=\"elementor-element elementor-element-5ac8c4d e-con-full e-flex e-con e-child\" data-id=\"5ac8c4d\" data-element_type=\"container\">\n\t\t\t\t<div class=\"elementor-element elementor-element-f191c7b elementor-widget elementor-widget-image\" data-id=\"f191c7b\" data-element_type=\"widget\" data-widget_type=\"image.default\">\n\t\t\t\t<div class=\"elementor-widget-container\">\n\t\t\t\t\t\t\t\t\t\t\t\t\t\t\t\t<a href=\"https:\/\/paberimaagia.eu\/en\/product-category\/e-pood\/paberitooted\/\">\n\t\t\t\t\t\t\t<img decoding=\"async\" width=\"800\" height=\"800\" data-src=\"https:\/\/paberimaagia.eu\/wp-content\/uploads\/2024\/02\/GRO-AC-40779-A4_Two_Tone_Mixed_Parchment_A4_1024x1024.jpg\" class=\"attachment-large size-large wp-image-121 lazyload\" alt=\"\" data-srcset=\"https:\/\/paberimaagia.eu\/wp-content\/uploads\/2024\/02\/GRO-AC-40779-A4_Two_Tone_Mixed_Parchment_A4_1024x1024.jpg 1000w, https:\/\/paberimaagia.eu\/wp-content\/uploads\/2024\/02\/GRO-AC-40779-A4_Two_Tone_Mixed_Parchment_A4_1024x1024-300x300.jpg 300w, https:\/\/paberimaagia.eu\/wp-content\/uploads\/2024\/02\/GRO-AC-40779-A4_Two_Tone_Mixed_Parchment_A4_1024x1024-150x150.jpg 150w, https:\/\/paberimaagia.eu\/wp-content\/uploads\/2024\/02\/GRO-AC-40779-A4_Two_Tone_Mixed_Parchment_A4_1024x1024-768x768.jpg 768w, https:\/\/paberimaagia.eu\/wp-content\/uploads\/2024\/02\/GRO-AC-40779-A4_Two_Tone_Mixed_Parchment_A4_1024x1024-12x12.jpg 12w, https:\/\/paberimaagia.eu\/wp-content\/uploads\/2024\/02\/GRO-AC-40779-A4_Two_Tone_Mixed_Parchment_A4_1024x1024-600x600.jpg 600w, https:\/\/paberimaagia.eu\/wp-content\/uploads\/2024\/02\/GRO-AC-40779-A4_Two_Tone_Mixed_Parchment_A4_1024x1024-100x100.jpg 100w\" data-sizes=\"(max-width: 800px) 100vw, 800px\" src=\"data:image\/svg+xml;base64,PHN2ZyB3aWR0aD0iMSIgaGVpZ2h0PSIxIiB4bWxucz0iaHR0cDovL3d3dy53My5vcmcvMjAwMC9zdmciPjwvc3ZnPg==\" style=\"--smush-placeholder-width: 800px; --smush-placeholder-aspect-ratio: 800\/800;\" \/>\t\t\t\t\t\t\t\t<\/a>\n\t\t\t\t\t\t\t\t\t\t\t\t\t\t\t<\/div>\n\t\t\t\t<\/div>\n\t\t\t\t<\/div>\n\t\t<div class=\"elementor-element elementor-element-786edce e-con-full e-flex e-con e-child\" data-id=\"786edce\" data-element_type=\"container\">\n\t\t\t\t<div class=\"elementor-element elementor-element-184ef7f elementor-widget elementor-widget-image\" data-id=\"184ef7f\" data-element_type=\"widget\" data-widget_type=\"image.default\">\n\t\t\t\t<div class=\"elementor-widget-container\">\n\t\t\t\t\t\t\t\t\t\t\t\t\t\t\t\t<a href=\"https:\/\/paberimaagia.eu\/en\/product-category\/e-pood\/loiketerad\/\">\n\t\t\t\t\t\t\t<img decoding=\"async\" width=\"800\" height=\"800\" data-src=\"https:\/\/paberimaagia.eu\/wp-content\/uploads\/2024\/02\/ACC-DI-30597-44-Queen-Anne_s-Lace-1000px_preview_1024x1024.jpg\" class=\"attachment-large size-large wp-image-116 lazyload\" alt=\"L\u00f5iketera Queen Anne&#039;s Lace\" data-srcset=\"https:\/\/paberimaagia.eu\/wp-content\/uploads\/2024\/02\/ACC-DI-30597-44-Queen-Anne_s-Lace-1000px_preview_1024x1024.jpg 960w, https:\/\/paberimaagia.eu\/wp-content\/uploads\/2024\/02\/ACC-DI-30597-44-Queen-Anne_s-Lace-1000px_preview_1024x1024-300x300.jpg 300w, https:\/\/paberimaagia.eu\/wp-content\/uploads\/2024\/02\/ACC-DI-30597-44-Queen-Anne_s-Lace-1000px_preview_1024x1024-150x150.jpg 150w, https:\/\/paberimaagia.eu\/wp-content\/uploads\/2024\/02\/ACC-DI-30597-44-Queen-Anne_s-Lace-1000px_preview_1024x1024-768x768.jpg 768w, https:\/\/paberimaagia.eu\/wp-content\/uploads\/2024\/02\/ACC-DI-30597-44-Queen-Anne_s-Lace-1000px_preview_1024x1024-12x12.jpg 12w, https:\/\/paberimaagia.eu\/wp-content\/uploads\/2024\/02\/ACC-DI-30597-44-Queen-Anne_s-Lace-1000px_preview_1024x1024-600x600.jpg 600w, https:\/\/paberimaagia.eu\/wp-content\/uploads\/2024\/02\/ACC-DI-30597-44-Queen-Anne_s-Lace-1000px_preview_1024x1024-100x100.jpg 100w\" data-sizes=\"(max-width: 800px) 100vw, 800px\" src=\"data:image\/svg+xml;base64,PHN2ZyB3aWR0aD0iMSIgaGVpZ2h0PSIxIiB4bWxucz0iaHR0cDovL3d3dy53My5vcmcvMjAwMC9zdmciPjwvc3ZnPg==\" style=\"--smush-placeholder-width: 800px; --smush-placeholder-aspect-ratio: 800\/800;\" \/>\t\t\t\t\t\t\t\t<\/a>\n\t\t\t\t\t\t\t\t\t\t\t\t\t\t\t<\/div>\n\t\t\t\t<\/div>\n\t\t\t\t<\/div>\n\t\t<div class=\"elementor-element elementor-element-b2e63ec e-con-full e-flex e-con e-child\" data-id=\"b2e63ec\" data-element_type=\"container\">\n\t\t\t\t<div class=\"elementor-element elementor-element-1e6d8a0 elementor-widget elementor-widget-image\" data-id=\"1e6d8a0\" data-element_type=\"widget\" data-widget_type=\"image.default\">\n\t\t\t\t<div class=\"elementor-widget-container\">\n\t\t\t\t\t\t\t\t\t\t\t\t\t\t\t\t<a href=\"https:\/\/paberimaagia.eu\/en\/product-category\/e-pood\/muud-vahendid\/\">\n\t\t\t\t\t\t\t<img decoding=\"async\" width=\"800\" height=\"800\" data-src=\"https:\/\/paberimaagia.eu\/wp-content\/uploads\/2024\/02\/PER-CO-70063-XX_Perga_Liners_1000px_1024x1024.jpg\" class=\"attachment-large size-large wp-image-120 lazyload\" alt=\"\" data-srcset=\"https:\/\/paberimaagia.eu\/wp-content\/uploads\/2024\/02\/PER-CO-70063-XX_Perga_Liners_1000px_1024x1024.jpg 1000w, https:\/\/paberimaagia.eu\/wp-content\/uploads\/2024\/02\/PER-CO-70063-XX_Perga_Liners_1000px_1024x1024-300x300.jpg 300w, https:\/\/paberimaagia.eu\/wp-content\/uploads\/2024\/02\/PER-CO-70063-XX_Perga_Liners_1000px_1024x1024-150x150.jpg 150w, https:\/\/paberimaagia.eu\/wp-content\/uploads\/2024\/02\/PER-CO-70063-XX_Perga_Liners_1000px_1024x1024-768x768.jpg 768w, https:\/\/paberimaagia.eu\/wp-content\/uploads\/2024\/02\/PER-CO-70063-XX_Perga_Liners_1000px_1024x1024-12x12.jpg 12w, https:\/\/paberimaagia.eu\/wp-content\/uploads\/2024\/02\/PER-CO-70063-XX_Perga_Liners_1000px_1024x1024-600x600.jpg 600w, https:\/\/paberimaagia.eu\/wp-content\/uploads\/2024\/02\/PER-CO-70063-XX_Perga_Liners_1000px_1024x1024-100x100.jpg 100w\" data-sizes=\"(max-width: 800px) 100vw, 800px\" src=\"data:image\/svg+xml;base64,PHN2ZyB3aWR0aD0iMSIgaGVpZ2h0PSIxIiB4bWxucz0iaHR0cDovL3d3dy53My5vcmcvMjAwMC9zdmciPjwvc3ZnPg==\" style=\"--smush-placeholder-width: 800px; --smush-placeholder-aspect-ratio: 800\/800;\" \/>\t\t\t\t\t\t\t\t<\/a>\n\t\t\t\t\t\t\t\t\t\t\t\t\t\t\t<\/div>\n\t\t\t\t<\/div>\n\t\t\t\t<\/div>\n\t\t\t\t\t<\/div>\n\t\t\t\t<\/div>\n\t\t<div class=\"elementor-element elementor-element-bd74c48 e-flex e-con-boxed e-con e-parent\" data-id=\"bd74c48\" data-element_type=\"container\">\n\t\t\t\t\t<div class=\"e-con-inner\">\n\t\t<div class=\"elementor-element elementor-element-ad9ba19 e-con-full e-flex e-con e-child\" data-id=\"ad9ba19\" data-element_type=\"container\">\n\t\t\t\t<div class=\"elementor-element elementor-element-9532f60 elementor-widget elementor-widget-text-editor\" data-id=\"9532f60\" data-element_type=\"widget\" data-widget_type=\"text-editor.default\">\n\t\t\t\t<div class=\"elementor-widget-container\">\n\t\t\t\t\t\t\t\t\t<p><a href=\"https:\/\/paberimaagia.eu\/en\/product-category\/e-pood\/paberitooted\/\">CARD  \/PAPER<\/a><\/p>\t\t\t\t\t\t\t\t<\/div>\n\t\t\t\t<\/div>\n\t\t\t\t<\/div>\n\t\t<div class=\"elementor-element elementor-element-158e91d e-con-full e-flex e-con e-child\" data-id=\"158e91d\" data-element_type=\"container\">\n\t\t\t\t<div class=\"elementor-element elementor-element-7e88113 elementor-widget elementor-widget-text-editor\" data-id=\"7e88113\" data-element_type=\"widget\" data-widget_type=\"text-editor.default\">\n\t\t\t\t<div class=\"elementor-widget-container\">\n\t\t\t\t\t\t\t\t\t<p><a href=\"https:\/\/paberimaagia.eu\/en\/product-category\/e-pood\/loiketerad\/\">DIES<\/a><\/p>\t\t\t\t\t\t\t\t<\/div>\n\t\t\t\t<\/div>\n\t\t\t\t<\/div>\n\t\t<div class=\"elementor-element elementor-element-a50f26d e-con-full e-flex e-con e-child\" data-id=\"a50f26d\" data-element_type=\"container\">\n\t\t\t\t<div class=\"elementor-element elementor-element-3e5c190 elementor-widget elementor-widget-text-editor\" data-id=\"3e5c190\" data-element_type=\"widget\" data-widget_type=\"text-editor.default\">\n\t\t\t\t<div class=\"elementor-widget-container\">\n\t\t\t\t\t\t\t\t\t<p><a href=\"https:\/\/paberimaagia.eu\/en\/product-category\/e-pood\/muud-vahendid\/\">OTHER ACCESSORIES<\/a><\/p>\t\t\t\t\t\t\t\t<\/div>\n\t\t\t\t<\/div>\n\t\t\t\t<\/div>\n\t\t\t\t\t<\/div>\n\t\t\t\t<\/div>\n\t\t<div class=\"elementor-element elementor-element-1b9acac e-flex e-con-boxed e-con e-parent\" data-id=\"1b9acac\" data-element_type=\"container\" data-settings=\"{&quot;background_background&quot;:&quot;gradient&quot;}\">\n\t\t\t\t\t<div class=\"e-con-inner\">\n\t\t<div class=\"elementor-element elementor-element-974e814 e-flex e-con-boxed e-con e-child\" data-id=\"974e814\" data-element_type=\"container\">\n\t\t\t\t\t<div class=\"e-con-inner\">\n\t\t\t\t<div class=\"elementor-element elementor-element-ffae458 elementor-widget__width-initial elementor-widget elementor-widget-html\" data-id=\"ffae458\" data-element_type=\"widget\" data-widget_type=\"html.default\">\n\t\t\t\t<div class=\"elementor-widget-container\">\n\t\t\t\t\t<iframe width=\"10\" height=\"350\" style=\"width: 350px; height: 250px; border: 0px;\" data-src=\"https:\/\/paberimaagia.sendsmaily.net\/landing-pages\/77f48d74-f9ab-48af-8b58-a3ea0ecb9d9c\/html\/\" src=\"data:image\/svg+xml;base64,PHN2ZyB3aWR0aD0iMSIgaGVpZ2h0PSIxIiB4bWxucz0iaHR0cDovL3d3dy53My5vcmcvMjAwMC9zdmciPjwvc3ZnPg==\" class=\"lazyload\" data-load-mode=\"1\"><\/iframe>\n\t\t\t\t<\/div>\n\t\t\t\t<\/div>\n\t\t\t\t\t<\/div>\n\t\t\t\t<\/div>\n\t\t\t\t\t<\/div>\n\t\t\t\t<\/div>\n\t\t<div class=\"elementor-element elementor-element-b3ca169 e-flex e-con-boxed e-con e-parent\" data-id=\"b3ca169\" data-element_type=\"container\">\n\t\t\t\t\t<div class=\"e-con-inner\">\n\t\t\t\t\t<\/div>\n\t\t\t\t<\/div>\n\t\t<div class=\"elementor-element elementor-element-8416826 e-flex e-con-boxed e-con e-parent\" data-id=\"8416826\" data-element_type=\"container\">\n\t\t\t\t\t<div class=\"e-con-inner\">\n\t\t\t\t\t<\/div>\n\t\t\t\t<\/div>\n\t\t\t\t<\/div>","protected":false},"excerpt":{"rendered":"<p>KEVAD ON ALGUSTE AEG \u00a0 25.03 &#8211; 3.04 OSTUN\u00c4DAL Tellijate vahel loosime v\u00e4lja 1,5 h t\u00f6\u00f6toas osalemise! \u00d5PI MIDAGI UUT! ALUSTA SIIT! TOOTEKATEGOORIAD KOMPLEKTID MUSTRIPLAADID T\u00d6\u00d6RIISTAD PABERITOOTED L\u00d5IKETERAD MUUD VAHENDID<\/p>","protected":false},"author":1,"featured_media":67,"parent":0,"menu_order":0,"comment_status":"closed","ping_status":"closed","template":"elementor_header_footer","meta":{"footnotes":""},"class_list":["post-36","page","type-page","status-publish","has-post-thumbnail","hentry"],"_links":{"self":[{"href":"https:\/\/paberimaagia.eu\/en\/wp-json\/wp\/v2\/pages\/36","targetHints":{"allow":["GET"]}}],"collection":[{"href":"https:\/\/paberimaagia.eu\/en\/wp-json\/wp\/v2\/pages"}],"about":[{"href":"https:\/\/paberimaagia.eu\/en\/wp-json\/wp\/v2\/types\/page"}],"author":[{"embeddable":true,"href":"https:\/\/paberimaagia.eu\/en\/wp-json\/wp\/v2\/users\/1"}],"replies":[{"embeddable":true,"href":"https:\/\/paberimaagia.eu\/en\/wp-json\/wp\/v2\/comments?post=36"}],"version-history":[{"count":5,"href":"https:\/\/paberimaagia.eu\/en\/wp-json\/wp\/v2\/pages\/36\/revisions"}],"predecessor-version":[{"id":819,"href":"https:\/\/paberimaagia.eu\/en\/wp-json\/wp\/v2\/pages\/36\/revisions\/819"}],"wp:featuredmedia":[{"embeddable":true,"href":"https:\/\/paberimaagia.eu\/en\/wp-json\/wp\/v2\/media\/67"}],"wp:attachment":[{"href":"https:\/\/paberimaagia.eu\/en\/wp-json\/wp\/v2\/media?parent=36"}],"curies":[{"name":"wp","href":"https:\/\/api.w.org\/{rel}","templated":true}]}}